{"id":39475,"date":"2022-06-07T09:24:39","date_gmt":"2022-06-07T07:24:39","guid":{"rendered":"https:\/\/www.fede.education\/examens\/"},"modified":"2025-12-16T12:53:10","modified_gmt":"2025-12-16T11:53:10","slug":"fede-examinations","status":"publish","type":"page","link":"https:\/\/www.fede.education\/en\/fede-examinations\/","title":{"rendered":"FEDE Examinations"},"content":{"rendered":"<p><div class=\"fusion-fullwidth fullwidth-box fusion-builder-row-1 nonhundred-percent-fullwidth non-hundred-percent-height-scrolling\" style=\"--awb-border-radius-top-left:0px;--awb-border-radius-top-right:0px;--awb-border-radius-bottom-right:0px;--awb-border-radius-bottom-left:0px;--awb-padding-top:0px;--awb-padding-right:0px;--awb-padding-bottom:0px;--awb-padding-left:0px;--awb-margin-bottom:20px;--awb-flex-wrap:wrap;\" ><div class=\"fusion-builder-row fusion-row\"><div class=\"fusion-layout-column fusion_builder_column fusion-builder-column-0 fusion_builder_column_1_1 1_1 fusion-one-full fusion-column-first fusion-column-last\" style=\"--awb-bg-size:cover;--awb-margin-bottom:0px;\"><div class=\"fusion-column-wrapper fusion-column-has-shadow fusion-flex-column-wrapper-legacy\"><div class=\"fusion-title title fusion-title-1 fusion-sep-none fusion-title-text fusion-title-size-one\"><h1 class=\"fusion-title-heading title-heading-left\" style=\"margin:0;\"><p style=\"text-align: center\">ASSESSMENT PROCEDURES : EXAMINATION RESOURCES<\/p><\/h1><\/div><div class=\"fusion-sep-clear\"><\/div><div class=\"fusion-separator fusion-full-width-sep\" style=\"margin-left: auto;margin-right: auto;margin-bottom:40px;width:100%;\"><div class=\"fusion-separator-border sep-single sep-solid\" style=\"--awb-height:20px;--awb-amount:20px;border-color:#e0dede;border-top-width:1px;\"><\/div><\/div><div class=\"fusion-sep-clear\"><\/div><div class=\"fusion-text fusion-text-1\"><p style=\"text-align: center\">This page provides access helpful information and study resources for the examinations of the <strong>FEDEration for European Education<\/strong>.<\/p>\n<\/div><div class=\"fusion-clearfix\"><\/div><\/div><\/div><\/div><\/div><div class=\"fusion-fullwidth fullwidth-box fusion-builder-row-2 hundred-percent-fullwidth non-hundred-percent-height-scrolling\" style=\"--awb-border-radius-top-left:0px;--awb-border-radius-top-right:0px;--awb-border-radius-bottom-right:0px;--awb-border-radius-bottom-left:0px;--awb-padding-top:30px;--awb-padding-right:30px;--awb-padding-bottom:30px;--awb-padding-left:30px;--awb-margin-bottom:20px;--awb-background-color:#f2f2f2;--awb-flex-wrap:wrap;\" ><div class=\"fusion-builder-row fusion-row\"><div class=\"fusion-layout-column fusion_builder_column fusion-builder-column-1 fusion_builder_column_1_4 1_4 fusion-one-fourth fusion-column-first\" style=\"--awb-padding-top:20x;--awb-padding-right:20px;--awb-padding-bottom:20px;--awb-padding-left:20px;--awb-bg-size:cover;--awb-margin-bottom:0px;width:25%;width:calc(25% - ( ( 4% + 4% + 4% ) * 0.25 ) );margin-right: 4%;\"><div class=\"fusion-column-wrapper fusion-column-has-shadow fusion-flex-column-wrapper-legacy\"><div class=\"fusion-fa-align-center\"><i class=\"fb-icon-element-1 fb-icon-element fontawesome-icon fa-clock fas circle-no\" style=\"--awb-iconcolor:#f0663d;--awb-font-size:32px;\"><\/i><\/div><div class=\"fusion-text fusion-text-2\"><h3 style=\"text-align: center\">Dates<\/h3>\n<div class=\"icon_text\">\n<ul>\n<li><a href=\"https:\/\/cdefede.sharepoint.com\/:b:\/s\/CommunicationPdagogie\/ETJ-75ojxV9BuDyeXlS0CJ0BynJyS69n2NSogK-h6mqjlg?e=zKzdBo\" target=\"_blank\" rel=\"noopener\">Examination timetable on hard copies &#8211; January 2026<\/a><\/li>\n<li><a href=\"https:\/\/cdefede.sharepoint.com\/:b:\/s\/CommunicationPdagogie\/EXBG3I4KVAxCruzazEvGZzMBCE2eZrrrjRp_aIUmfFS5NA?e=HvM0Ym\" target=\"_blank\" rel=\"noopener\">Examination timetable online &#8211; January 2026<\/a><\/li>\n<li><a href=\"https:\/\/cdefede.sharepoint.com\/:b:\/s\/CommunicationPdagogie\/Ebyqjtn0YehMqcPhaMI3N6EBSlKSr3JbsqRtOQq6l9o6dw?e=xmXuPe\" target=\"_blank\" rel=\"noopener\">Examination timetable on hard copies &#8211; June 2026<\/a><\/li>\n<li><a href=\"https:\/\/cdefede.sharepoint.com\/:b:\/s\/CommunicationPdagogie\/EYxkrwVdlTxJlSyHsWYNlnAB2efNu9aNDdGU4cxDJVo4Lg?e=FBKAxT\" target=\"_blank\" rel=\"noopener\">Examination timetable online &#8211; June 2026<\/a><\/li>\n<li><a href=\"https:\/\/cdefede.sharepoint.com\/:b:\/s\/CommunicationPdagogie\/Eb8OThNiI1BCrH5pwHPwRsMBzISiDIhXvICOmkIUFWHyGQ?e=ArEUY8\" target=\"_blank\" rel=\"noopener\">Examination timetable on hard copies &#8211; October 2026<\/a><\/li>\n<li><a href=\"https:\/\/cdefede.sharepoint.com\/:b:\/s\/CommunicationPdagogie\/EcAiPp9XGbZBqbUE0Bj8X5UBbyT9G8zqDSFXxBMuCr9ySg?e=d7Kg8m\" target=\"_blank\" rel=\"noopener\">Examination timetable online &#8211; October 2026<\/a><\/li>\n<\/ul>\n<\/div>\n<\/div><div class=\"fusion-clearfix\"><\/div><\/div><\/div><div class=\"fusion-layout-column fusion_builder_column fusion-builder-column-2 fusion_builder_column_1_4 1_4 fusion-one-fourth\" style=\"--awb-padding-top:20x;--awb-padding-right:20px;--awb-padding-bottom:20px;--awb-padding-left:20px;--awb-bg-size:cover;--awb-margin-bottom:0px;width:25%;width:calc(25% - ( ( 4% + 4% + 4% ) * 0.25 ) );margin-right: 4%;\"><div class=\"fusion-column-wrapper fusion-column-has-shadow fusion-flex-column-wrapper-legacy\"><div class=\"fusion-fa-align-center\"><i class=\"fb-icon-element-2 fb-icon-element fontawesome-icon fa-archive fas circle-no\" style=\"--awb-iconcolor:#f0663d;--awb-font-size:32px;\"><\/i><\/div><div class=\"fusion-text fusion-text-3\"><div class=\"icon_text\">\n<h3 style=\"text-align: center\">Examination rules and procedures<\/h3>\n<ul>\n<li><a href=\"https:\/\/cdefede.sharepoint.com\/:b:\/s\/CommunicationPdagogie\/EX9dlm_0YNtMtAqRRq4Yux4BKmOYbsefLM9pR3i-atJG1A?e=XgSyqd\">Basic FEDE exam rules<\/a><\/li>\n<li><a href=\"https:\/\/fede.education\/wp-content\/uploads\/2016\/02\/Specific-Regulation-for-DECP.pdf\" target=\"_blank\" rel=\"noopener\">Specific Rules: Foundation Degree<\/a><\/li>\n<li><a href=\"https:\/\/fede.education\/wp-content\/uploads\/2016\/02\/Specific-Regulation-for-DEES.pdf\" target=\"_blank\" rel=\"noopener\">Specific Rules: European Bachelor\u2019s<\/a><\/li>\n<li><a href=\"https:\/\/fede.education\/wp-content\/uploads\/2016\/02\/Specific-Regulation-for-European-MASTERS.pdf\" target=\"_blank\" rel=\"noopener\">Specific Rules: European Master\u2019s<\/a><\/li>\n<li><a href=\"https:\/\/cdefede.sharepoint.com\/:b:\/s\/CommunicationPdagogie\/EQ5FsQ6QD0VMk5Zt03sQJmEBUH6Xk4ebVMhQt29qbcpiPg?e=H847TV\" target=\"_blank\" rel=\"noopener\">Rules for the use of AI in examination<\/a><\/li>\n<\/ul>\n<\/div>\n<\/div><div class=\"fusion-clearfix\"><\/div><\/div><\/div><div class=\"fusion-layout-column fusion_builder_column fusion-builder-column-3 fusion_builder_column_1_4 1_4 fusion-one-fourth\" style=\"--awb-padding-top:20x;--awb-padding-right:20px;--awb-padding-bottom:20px;--awb-padding-left:20px;--awb-bg-size:cover;--awb-margin-bottom:0px;width:25%;width:calc(25% - ( ( 4% + 4% + 4% ) * 0.25 ) );margin-right: 4%;\"><div class=\"fusion-column-wrapper fusion-column-has-shadow fusion-flex-column-wrapper-legacy\"><div class=\"fusion-fa-align-center\"><i class=\"fb-icon-element-3 fb-icon-element fontawesome-icon fa-file-alt fas circle-no\" style=\"--awb-iconcolor:#f0663d;--awb-font-size:32px;\"><\/i><\/div><div class=\"fusion-text fusion-text-4\"><div class=\"icon_text\">\n<h3 style=\"text-align: center\">Teaching guidelines<\/h3>\n<p><strong>Teaching guidelines and examination guidelines<\/strong> for 2019 (log-in to member\u2019s area required)<\/p>\n<\/div>\n<\/div><div class=\"fusion-clearfix\"><\/div><\/div><\/div><div class=\"fusion-layout-column fusion_builder_column fusion-builder-column-4 fusion_builder_column_1_4 1_4 fusion-one-fourth fusion-column-last\" style=\"--awb-padding-top:20x;--awb-padding-right:20px;--awb-padding-bottom:20px;--awb-padding-left:20px;--awb-bg-size:cover;--awb-margin-bottom:0px;width:25%;width:calc(25% - ( ( 4% + 4% + 4% ) * 0.25 ) );\"><div class=\"fusion-column-wrapper fusion-column-has-shadow fusion-flex-column-wrapper-legacy\"><div class=\"fusion-fa-align-center\"><i class=\"fb-icon-element-4 fb-icon-element fontawesome-icon fa-bullhorn fas circle-no\" style=\"--awb-iconcolor:#f0663d;--awb-font-size:32px;\"><\/i><\/div><div class=\"fusion-text fusion-text-5\"><div class=\"icon_text\">\n<h3 style=\"text-align: center\">FAQ<\/h3>\n<p style=\"text-align: justify\"><a href=\"https:\/\/www.fede.education\/faq\/\">Click here to read answers to the most frequently asked <strong>questions concerning <\/strong>the degrees and examinations of the FEDEration for European Education (FEDE).<\/a><\/p>\n<\/div>\n<\/div><div class=\"fusion-clearfix\"><\/div><\/div><\/div><\/div><\/div><div class=\"fusion-fullwidth fullwidth-box fusion-builder-row-3 fusion-flex-container nonhundred-percent-fullwidth non-hundred-percent-height-scrolling\" style=\"--awb-border-radius-top-left:0px;--awb-border-radius-top-right:0px;--awb-border-radius-bottom-right:0px;--awb-border-radius-bottom-left:0px;--awb-flex-wrap:wrap;\" ><div class=\"fusion-builder-row fusion-row fusion-flex-align-items-flex-start fusion-flex-content-wrap\" style=\"max-width:1144px;margin-left: calc(-4% \/ 2 );margin-right: calc(-4% \/ 2 );\"><div class=\"fusion-layout-column fusion_builder_column fusion-builder-column-5 fusion_builder_column_1_1 1_1 fusion-flex-column\" style=\"--awb-bg-size:cover;--awb-width-large:100%;--awb-margin-top-large:0px;--awb-spacing-right-large:1.92%;--awb-margin-bottom-large:20px;--awb-spacing-left-large:1.92%;--awb-width-medium:100%;--awb-order-medium:0;--awb-spacing-right-medium:1.92%;--awb-spacing-left-medium:1.92%;--awb-width-small:100%;--awb-order-small:0;--awb-spacing-right-small:1.92%;--awb-spacing-left-small:1.92%;\"><div class=\"fusion-column-wrapper fusion-column-has-shadow fusion-flex-justify-content-flex-start fusion-content-layout-column\"><div class=\"fusion-separator fusion-full-width-sep\" style=\"align-self: center;margin-left: auto;margin-right: auto;margin-top:20px;width:100%;\"><\/div><\/div><\/div><\/div><\/div><div class=\"fusion-fullwidth fullwidth-box fusion-builder-row-4 fusion-flex-container nonhundred-percent-fullwidth non-hundred-percent-height-scrolling\" style=\"--awb-border-radius-top-left:0px;--awb-border-radius-top-right:0px;--awb-border-radius-bottom-right:0px;--awb-border-radius-bottom-left:0px;--awb-flex-wrap:wrap;\" ><div class=\"fusion-builder-row fusion-row fusion-flex-align-items-stretch fusion-flex-justify-content-space-around fusion-flex-content-wrap\" style=\"max-width:1144px;margin-left: calc(-4% \/ 2 );margin-right: calc(-4% \/ 2 );\"><div class=\"fusion-layout-column fusion_builder_column fusion-builder-column-6 fusion_builder_column_2_5 2_5 fusion-flex-column\" style=\"--awb-padding-top:20px;--awb-padding-right:20px;--awb-padding-bottom:20px;--awb-padding-left:20px;--awb-bg-color:#f2f2f2;--awb-bg-color-hover:#f2f2f2;--awb-bg-size:cover;--awb-width-large:40%;--awb-margin-top-large:0px;--awb-spacing-right-large:4.8%;--awb-margin-bottom-large:20px;--awb-spacing-left-large:4.8%;--awb-width-medium:100%;--awb-order-medium:0;--awb-spacing-right-medium:1.92%;--awb-spacing-left-medium:1.92%;--awb-width-small:100%;--awb-order-small:0;--awb-spacing-right-small:1.92%;--awb-spacing-left-small:1.92%;\"><div class=\"fusion-column-wrapper fusion-column-has-shadow fusion-flex-justify-content-flex-start fusion-content-layout-column\"><i class=\"fb-icon-element-5 fb-icon-element fontawesome-icon fa-user-alt fas circle-no\" style=\"--awb-iconcolor:#f0663d;--awb-font-size:32px;--awb-margin-top:0;--awb-margin-right:0;--awb-margin-bottom:0;--awb-margin-left:0;--awb-align-self:center;\"><\/i><div class=\"fusion-text fusion-text-6\"><div class=\"icon_text\">\n<h3 style=\"text-align: center\">You are a FEDE-institution student\u2026<\/h3>\n<p style=\"text-align: justify\"><em>Enrolment in the examinations of the FEDEration for European Education is automatically open to students of FEDE member institutions.<\/em><\/p>\n<p style=\"text-align: center\" align=\"justify\"><a href=\"https:\/\/cdefede.sharepoint.com\/:b:\/s\/CommunicationPdagogie\/IQDOC5Y-4e1jS5qJBXX2CT8vAb3-ZLKOk45khBY02b01H34?e=jQu73s\" target=\"_blank\" rel=\"noopener\"><strong title=\"(Nouvelle fen\u00eatre)\">FEDE EEC exam fees<\/strong><\/a><\/p>\n<p style=\"text-align: center\" align=\"justify\"><em>This document lists the enrolment fees by degree due for each credit-bearing unit for the 2026 academic year.<\/em><\/p>\n<\/div>\n<\/div><\/div><\/div><div class=\"fusion-layout-column fusion_builder_column fusion-builder-column-7 fusion_builder_column_2_5 2_5 fusion-flex-column\" style=\"--awb-padding-top:20px;--awb-padding-right:20px;--awb-padding-bottom:20px;--awb-padding-left:20px;--awb-bg-color:#f2f2f2;--awb-bg-color-hover:#f2f2f2;--awb-bg-size:cover;--awb-width-large:40%;--awb-margin-top-large:0px;--awb-spacing-right-large:4.8%;--awb-margin-bottom-large:20px;--awb-spacing-left-large:4.8%;--awb-width-medium:100%;--awb-order-medium:0;--awb-spacing-right-medium:1.92%;--awb-spacing-left-medium:1.92%;--awb-width-small:100%;--awb-order-small:0;--awb-spacing-right-small:1.92%;--awb-spacing-left-small:1.92%;\"><div class=\"fusion-column-wrapper fusion-column-has-shadow fusion-flex-justify-content-flex-start fusion-content-layout-column\"><i class=\"fb-icon-element-6 fb-icon-element fontawesome-icon fa-user-alt fas circle-no\" style=\"--awb-iconcolor:#f0663d;--awb-font-size:32px;--awb-margin-top:0;--awb-margin-right:0;--awb-margin-bottom:0;--awb-margin-left:0;--awb-align-self:center;\"><\/i><div class=\"fusion-text fusion-text-7\"><div class=\"icon_text\">\n<h3 style=\"text-align: center\">You are an independent candidate<\/h3>\n<p style=\"text-align: justify\"><em>Enrolment in a FEDE examination as an independent candidate is only allowed if you failed the same examination during a previous examination session.<\/em><\/p>\n<p style=\"text-align: justify\"><em><strong>attention! for the moment do not use the Safari browser because of a known bug in the payment system.<\/strong><\/em><\/p>\n<p style=\"text-align: center\"><a href=\"https:\/\/registrations.fedecampus.com\/\"><strong>Independent candidate enrolment form <\/strong><\/a><\/p>\n<\/div>\n<\/div><\/div><\/div><\/div><\/div><div class=\"fusion-fullwidth fullwidth-box fusion-builder-row-5 fusion-flex-container nonhundred-percent-fullwidth non-hundred-percent-height-scrolling\" style=\"--awb-border-radius-top-left:0px;--awb-border-radius-top-right:0px;--awb-border-radius-bottom-right:0px;--awb-border-radius-bottom-left:0px;--awb-flex-wrap:wrap;\" ><div class=\"fusion-builder-row fusion-row fusion-flex-align-items-flex-start fusion-flex-content-wrap\" style=\"max-width:1144px;margin-left: calc(-4% \/ 2 );margin-right: calc(-4% \/ 2 );\"><div class=\"fusion-layout-column fusion_builder_column fusion-builder-column-8 fusion_builder_column_1_1 1_1 fusion-flex-column\" style=\"--awb-bg-size:cover;--awb-width-large:100%;--awb-margin-top-large:0px;--awb-spacing-right-large:1.92%;--awb-margin-bottom-large:20px;--awb-spacing-left-large:1.92%;--awb-width-medium:100%;--awb-order-medium:0;--awb-spacing-right-medium:1.92%;--awb-spacing-left-medium:1.92%;--awb-width-small:100%;--awb-order-small:0;--awb-spacing-right-small:1.92%;--awb-spacing-left-small:1.92%;\"><div class=\"fusion-column-wrapper fusion-column-has-shadow fusion-flex-justify-content-flex-start fusion-content-layout-column\"><div class=\"fusion-sharing-box fusion-sharing-box-1 has-taglines layout-floated layout-medium-floated layout-small-stacked\" style=\"background-color:#87c35c;border-color:#cccccc;--awb-tagline-text-size:20px;--awb-separator-border-color:#cccccc;--awb-separator-border-sizes:0px;--awb-layout:row;--awb-alignment-small:space-between;--awb-stacked-align-small:center;\" data-title=\"FEDE Examinations\" data-description=\"ASSESSMENT PROCEDURES : EXAMINATION RESOURCES \r\nThis page provides access helpful information and study resources for the examinations of the FEDEration for European Education.   \r\nDates\r\n\r\n\r\n \tExamination timetable on hard copies - January 2026\r\n \tExamination timetable online - January\" data-link=\"https:\/\/www.fede.education\/en\/fede-examinations\/\"><h4 class=\"tagline\" style=\"color:#ffffff;\">Share this FEDE page with your community!<\/h4><div class=\"fusion-social-networks sharingbox-shortcode-icon-wrapper sharingbox-shortcode-icon-wrapper-1\"><span><a href=\"https:\/\/www.facebook.com\/sharer.php?u=https%3A%2F%2Fwww.fede.education%2Fen%2Ffede-examinations%2F&amp;t=FEDE%20Examinations\" target=\"_blank\" rel=\"noreferrer\" title=\"Facebook\" aria-label=\"Facebook\" data-placement=\"top\" data-toggle=\"tooltip\" data-title=\"Facebook\"><i class=\"fusion-social-network-icon fusion-tooltip fusion-facebook awb-icon-facebook\" style=\"color:#ffffff;\" aria-hidden=\"true\"><\/i><\/a><\/span><span><a href=\"https:\/\/x.com\/share?text=FEDE%20Examinations&amp;url=https%3A%2F%2Fwww.fede.education%2Fen%2Ffede-examinations%2F\" target=\"_blank\" rel=\"noopener noreferrer\" title=\"X\" aria-label=\"X\" data-placement=\"top\" data-toggle=\"tooltip\" data-title=\"X\"><i class=\"fusion-social-network-icon fusion-tooltip fusion-twitter awb-icon-twitter\" style=\"color:#ffffff;\" aria-hidden=\"true\"><\/i><\/a><\/span><span><a href=\"https:\/\/www.linkedin.com\/shareArticle?mini=true&amp;url=https%3A%2F%2Fwww.fede.education%2Fen%2Ffede-examinations%2F&amp;title=FEDE%20Examinations&amp;summary=ASSESSMENT%20PROCEDURES%20%3A%20EXAMINATION%20RESOURCES%20%20%0D%0AThis%20page%20provides%20access%20helpful%20information%20and%20study%20resources%20for%20the%20examinations%20of%20the%20FEDEration%20for%20European%20Education.%20%20%20%20%20%0D%0ADates%0D%0A%0D%0A%0D%0A%20%09Examination%20timetable%20on%20hard%20copies%20-%20January%202026%0D%0A%20%09Examination%20timetable%20online%20-%20January\" target=\"_blank\" rel=\"noopener noreferrer\" title=\"LinkedIn\" aria-label=\"LinkedIn\" data-placement=\"top\" data-toggle=\"tooltip\" data-title=\"LinkedIn\"><i class=\"fusion-social-network-icon fusion-tooltip fusion-linkedin awb-icon-linkedin\" style=\"color:#ffffff;\" aria-hidden=\"true\"><\/i><\/a><\/span><span><a href=\"mailto:?subject=FEDE%20Examinations&amp;body=https%3A%2F%2Fwww.fede.education%2Fen%2Ffede-examinations%2F\" target=\"_self\" title=\"Email\" aria-label=\"Email\" data-placement=\"top\" data-toggle=\"tooltip\" data-title=\"Email\"><i class=\"fusion-social-network-icon fusion-tooltip fusion-mail awb-icon-mail\" style=\"color:#ffffff;\" aria-hidden=\"true\"><\/i><\/a><\/span><\/div><\/div><\/div><\/div><\/div><\/div><\/p>\n","protected":false},"excerpt":{"rendered":"","protected":false},"author":10,"featured_media":0,"parent":0,"menu_order":0,"comment_status":"closed","ping_status":"closed","template":"100-width.php","meta":{"_acf_changed":false,"footnotes":""},"class_list":["post-39475","page","type-page","status-publish","hentry"],"acf":[],"yoast_head":"<!-- This site is optimized with the Yoast SEO plugin v23.5 - https:\/\/yoast.com\/wordpress\/plugins\/seo\/ -->\n<title>FEDE Examinations - FEDE - F\u00e9d\u00e9ration Europ\u00e9enne Des Ecoles<\/title>\n<meta name=\"robots\" content=\"index, follow, max-snippet:-1, max-image-preview:large, max-video-preview:-1\" \/>\n<link rel=\"canonical\" href=\"https:\/\/www.fede.education\/en\/fede-examinations\/\" \/>\n<meta property=\"og:locale\" content=\"en_US\" \/>\n<meta property=\"og:type\" content=\"article\" \/>\n<meta property=\"og:title\" content=\"FEDE Examinations - FEDE - F\u00e9d\u00e9ration Europ\u00e9enne Des Ecoles\" \/>\n<meta property=\"og:url\" content=\"https:\/\/www.fede.education\/en\/fede-examinations\/\" \/>\n<meta property=\"og:site_name\" content=\"FEDE - F\u00e9d\u00e9ration Europ\u00e9enne Des Ecoles\" \/>\n<meta property=\"article:publisher\" content=\"https:\/\/www.facebook.com\/fede.education\" \/>\n<meta property=\"article:modified_time\" content=\"2025-12-16T11:53:10+00:00\" \/>\n<meta name=\"twitter:card\" content=\"summary_large_image\" \/>\n<meta name=\"twitter:site\" content=\"@FEDE_OING\" \/>\n<meta name=\"twitter:label1\" content=\"Est. reading time\" \/>\n\t<meta name=\"twitter:data1\" content=\"2 minutes\" \/>\n<script type=\"application\/ld+json\" class=\"yoast-schema-graph\">{\"@context\":\"https:\/\/schema.org\",\"@graph\":[{\"@type\":\"WebPage\",\"@id\":\"https:\/\/www.fede.education\/en\/fede-examinations\/\",\"url\":\"https:\/\/www.fede.education\/en\/fede-examinations\/\",\"name\":\"FEDE Examinations - FEDE - F\u00e9d\u00e9ration Europ\u00e9enne Des Ecoles\",\"isPartOf\":{\"@id\":\"https:\/\/www.fede.education\/#website\"},\"datePublished\":\"2022-06-07T07:24:39+00:00\",\"dateModified\":\"2025-12-16T11:53:10+00:00\",\"breadcrumb\":{\"@id\":\"https:\/\/www.fede.education\/en\/fede-examinations\/#breadcrumb\"},\"inLanguage\":\"en-US\",\"potentialAction\":[{\"@type\":\"ReadAction\",\"target\":[\"https:\/\/www.fede.education\/en\/fede-examinations\/\"]}]},{\"@type\":\"BreadcrumbList\",\"@id\":\"https:\/\/www.fede.education\/en\/fede-examinations\/#breadcrumb\",\"itemListElement\":[{\"@type\":\"ListItem\",\"position\":1,\"name\":\"Accueil\",\"item\":\"https:\/\/www.fede.education\/en\/\"},{\"@type\":\"ListItem\",\"position\":2,\"name\":\"FEDE Examinations\"}]},{\"@type\":\"WebSite\",\"@id\":\"https:\/\/www.fede.education\/#website\",\"url\":\"https:\/\/www.fede.education\/\",\"name\":\"FEDE - F\u00e9d\u00e9ration Europ\u00e9enne Des Ecoles\",\"description\":\"\",\"publisher\":{\"@id\":\"https:\/\/www.fede.education\/#organization\"},\"potentialAction\":[{\"@type\":\"SearchAction\",\"target\":{\"@type\":\"EntryPoint\",\"urlTemplate\":\"https:\/\/www.fede.education\/?s={search_term_string}\"},\"query-input\":{\"@type\":\"PropertyValueSpecification\",\"valueRequired\":true,\"valueName\":\"search_term_string\"}}],\"inLanguage\":\"en-US\"},{\"@type\":\"Organization\",\"@id\":\"https:\/\/www.fede.education\/#organization\",\"name\":\"FEDE - F\u00e9d\u00e9ration Europ\u00e9enne Des Ecoles\",\"url\":\"https:\/\/www.fede.education\/\",\"logo\":{\"@type\":\"ImageObject\",\"inLanguage\":\"en-US\",\"@id\":\"https:\/\/www.fede.education\/#\/schema\/logo\/image\/\",\"url\":\"https:\/\/www.fede.education\/wp-content\/uploads\/2022\/08\/cropped-Logo_entete_site_FEDE.png\",\"contentUrl\":\"https:\/\/www.fede.education\/wp-content\/uploads\/2022\/08\/cropped-Logo_entete_site_FEDE.png\",\"width\":512,\"height\":512,\"caption\":\"FEDE - F\u00e9d\u00e9ration Europ\u00e9enne Des Ecoles\"},\"image\":{\"@id\":\"https:\/\/www.fede.education\/#\/schema\/logo\/image\/\"},\"sameAs\":[\"https:\/\/www.facebook.com\/fede.education\",\"https:\/\/x.com\/FEDE_OING\",\"https:\/\/twitter.com\/FEDE_OING\"]}]}<\/script>\n<!-- \/ Yoast SEO plugin. -->","yoast_head_json":{"title":"FEDE Examinations - FEDE - F\u00e9d\u00e9ration Europ\u00e9enne Des Ecoles","robots":{"index":"index","follow":"follow","max-snippet":"max-snippet:-1","max-image-preview":"max-image-preview:large","max-video-preview":"max-video-preview:-1"},"canonical":"https:\/\/www.fede.education\/en\/fede-examinations\/","og_locale":"en_US","og_type":"article","og_title":"FEDE Examinations - FEDE - F\u00e9d\u00e9ration Europ\u00e9enne Des Ecoles","og_url":"https:\/\/www.fede.education\/en\/fede-examinations\/","og_site_name":"FEDE - F\u00e9d\u00e9ration Europ\u00e9enne Des Ecoles","article_publisher":"https:\/\/www.facebook.com\/fede.education","article_modified_time":"2025-12-16T11:53:10+00:00","twitter_card":"summary_large_image","twitter_site":"@FEDE_OING","twitter_misc":{"Est. reading time":"2 minutes"},"schema":{"@context":"https:\/\/schema.org","@graph":[{"@type":"WebPage","@id":"https:\/\/www.fede.education\/en\/fede-examinations\/","url":"https:\/\/www.fede.education\/en\/fede-examinations\/","name":"FEDE Examinations - FEDE - F\u00e9d\u00e9ration Europ\u00e9enne Des Ecoles","isPartOf":{"@id":"https:\/\/www.fede.education\/#website"},"datePublished":"2022-06-07T07:24:39+00:00","dateModified":"2025-12-16T11:53:10+00:00","breadcrumb":{"@id":"https:\/\/www.fede.education\/en\/fede-examinations\/#breadcrumb"},"inLanguage":"en-US","potentialAction":[{"@type":"ReadAction","target":["https:\/\/www.fede.education\/en\/fede-examinations\/"]}]},{"@type":"BreadcrumbList","@id":"https:\/\/www.fede.education\/en\/fede-examinations\/#breadcrumb","itemListElement":[{"@type":"ListItem","position":1,"name":"Accueil","item":"https:\/\/www.fede.education\/en\/"},{"@type":"ListItem","position":2,"name":"FEDE Examinations"}]},{"@type":"WebSite","@id":"https:\/\/www.fede.education\/#website","url":"https:\/\/www.fede.education\/","name":"FEDE - F\u00e9d\u00e9ration Europ\u00e9enne Des Ecoles","description":"","publisher":{"@id":"https:\/\/www.fede.education\/#organization"},"potentialAction":[{"@type":"SearchAction","target":{"@type":"EntryPoint","urlTemplate":"https:\/\/www.fede.education\/?s={search_term_string}"},"query-input":{"@type":"PropertyValueSpecification","valueRequired":true,"valueName":"search_term_string"}}],"inLanguage":"en-US"},{"@type":"Organization","@id":"https:\/\/www.fede.education\/#organization","name":"FEDE - F\u00e9d\u00e9ration Europ\u00e9enne Des Ecoles","url":"https:\/\/www.fede.education\/","logo":{"@type":"ImageObject","inLanguage":"en-US","@id":"https:\/\/www.fede.education\/#\/schema\/logo\/image\/","url":"https:\/\/www.fede.education\/wp-content\/uploads\/2022\/08\/cropped-Logo_entete_site_FEDE.png","contentUrl":"https:\/\/www.fede.education\/wp-content\/uploads\/2022\/08\/cropped-Logo_entete_site_FEDE.png","width":512,"height":512,"caption":"FEDE - F\u00e9d\u00e9ration Europ\u00e9enne Des Ecoles"},"image":{"@id":"https:\/\/www.fede.education\/#\/schema\/logo\/image\/"},"sameAs":["https:\/\/www.facebook.com\/fede.education","https:\/\/x.com\/FEDE_OING","https:\/\/twitter.com\/FEDE_OING"]}]}},"_links":{"self":[{"href":"https:\/\/www.fede.education\/en\/wp-json\/wp\/v2\/pages\/39475"}],"collection":[{"href":"https:\/\/www.fede.education\/en\/wp-json\/wp\/v2\/pages"}],"about":[{"href":"https:\/\/www.fede.education\/en\/wp-json\/wp\/v2\/types\/page"}],"author":[{"embeddable":true,"href":"https:\/\/www.fede.education\/en\/wp-json\/wp\/v2\/users\/10"}],"replies":[{"embeddable":true,"href":"https:\/\/www.fede.education\/en\/wp-json\/wp\/v2\/comments?post=39475"}],"version-history":[{"count":30,"href":"https:\/\/www.fede.education\/en\/wp-json\/wp\/v2\/pages\/39475\/revisions"}],"predecessor-version":[{"id":7873885,"href":"https:\/\/www.fede.education\/en\/wp-json\/wp\/v2\/pages\/39475\/revisions\/7873885"}],"wp:attachment":[{"href":"https:\/\/www.fede.education\/en\/wp-json\/wp\/v2\/media?parent=39475"}],"curies":[{"name":"wp","href":"https:\/\/api.w.org\/{rel}","templated":true}]}}