{"id":41917,"date":"2022-06-19T19:43:39","date_gmt":"2022-06-19T17:43:39","guid":{"rendered":"https:\/\/www.fede.education\/mentions-legales\/"},"modified":"2022-08-03T08:50:52","modified_gmt":"2022-08-03T06:50:52","slug":"legal-notices","status":"publish","type":"page","link":"https:\/\/www.fede.education\/en\/legal-notices\/","title":{"rendered":"Legal Notices"},"content":{"rendered":"<p><div class=\"fusion-fullwidth fullwidth-box fusion-builder-row-1 hundred-percent-fullwidth non-hundred-percent-height-scrolling\" style=\"--awb-border-radius-top-left:0px;--awb-border-radius-top-right:0px;--awb-border-radius-bottom-right:0px;--awb-border-radius-bottom-left:0px;--awb-padding-top:0px;--awb-padding-right:0px;--awb-padding-bottom:0px;--awb-padding-left:0px;--awb-margin-bottom:20px;--awb-flex-wrap:wrap;\" ><div class=\"fusion-builder-row fusion-row\"><div class=\"fusion-layout-column fusion_builder_column fusion-builder-column-0 fusion_builder_column_1_1 1_1 fusion-one-full fusion-column-first fusion-column-last\" style=\"--awb-bg-size:cover;--awb-margin-bottom:0px;\"><div class=\"fusion-column-wrapper fusion-column-has-shadow fusion-flex-column-wrapper-legacy\"><div class=\"fusion-title title fusion-title-1 fusion-sep-none fusion-title-text fusion-title-size-one\"><h1 class=\"fusion-title-heading title-heading-left\" style=\"margin:0;\">LEGAL NOTICES<\/h1><\/div><div class=\"fusion-clearfix\"><\/div><\/div><\/div><\/div><\/div><div class=\"fusion-fullwidth fullwidth-box fusion-builder-row-2 hundred-percent-fullwidth non-hundred-percent-height-scrolling\" style=\"--awb-border-radius-top-left:0px;--awb-border-radius-top-right:0px;--awb-border-radius-bottom-right:0px;--awb-border-radius-bottom-left:0px;--awb-padding-top:0px;--awb-padding-right:0px;--awb-padding-bottom:0px;--awb-padding-left:0px;--awb-margin-bottom:20px;--awb-flex-wrap:wrap;\" ><div class=\"fusion-builder-row fusion-row\"><div class=\"fusion-layout-column fusion_builder_column fusion-builder-column-1 fusion_builder_column_1_1 1_1 fusion-one-full fusion-column-first fusion-column-last\" style=\"--awb-bg-size:cover;--awb-margin-bottom:0px;\"><div class=\"fusion-column-wrapper fusion-column-has-shadow fusion-flex-column-wrapper-legacy\"><div class=\"fusion-text fusion-text-1\"><div>In compliance with the provisions of\u00a0<strong>articles 6-III and 19 of Law no. 2004-575 of 21 June 2004<\/strong> in support of confidence in the digital economy, we inform the users and visitors of the\u00a0<a href=\"https:\/\/www.fede.education\/\">www.fede.education<\/a> website about the following:<\/div>\n<div><\/div>\n<h3>SITE EDITOR<\/h3>\n<p>Federation for EDucation in Europe<br \/>\nRue du Rh\u00f4ne, 114<br \/>\n1204 Geneva<br \/>\nSwitzerland<br \/>\n<a href=\"mailto:%20mailbox@fede.education\">mailbox@fede.education<\/a><br \/>\nTel: 04.28.29.01.01<\/p>\n<p>RC GENEVE CH \u2013 660 \u2013 1381002 \u2013 4<\/p>\n<p><strong>Publication Director<\/strong>: Claude Vivier le Got, Chairwoman of the FEDE<\/p>\n<h3>WEBSITE DESIGN<\/h3>\n<div>This website was designed by: Federation for EDucation in Europe<\/div>\n<div><\/div>\n<h3>WEBSITE HOSTING<\/h3>\n<div>This website is hosted by<strong>\u00a0OVH<\/strong>:<br \/>\n2 Rue Kellermann<br \/>\n59100 Roubaix<br \/>\nFrance<\/div>\n<div><\/div>\n<h3>INTELLECTUAL PROPERTY<\/h3>\n<div>\n<p>The contents of this website are the property of the Federation for EDucation in Europe.<br \/>\nYou are authorised to consult its data for your personal non-commercial use only, which excludes any commercial use on a local, national or international level.<br \/>\nAny reproduction, representation, modification, publication, adaptation of all or parts of the elements of the site, by applying any means or process whatsoever, is prohibited without prior written consent, which can be obtained through the following email address: <a href=\"mailto:%20mailbox@fede.education\" target=\"_blank\" rel=\"noopener noreferrer\">mailbox@fede.education<\/a><\/p>\n<\/div>\n<div><\/div>\n<h3>LIABILITY<\/h3>\n<div>The Federation for EDucation in Europe will not be held liable for any direct or indirect damage due to interruption, any malfunction whatsoever, and for any reason whatsoever, or even any direct or indirect damage in any manner whatsoever that might result from connecting to the website.<br \/>\nAny person connecting to the website is fully responsible for the same.<\/div>\n<div><\/div>\n<h3>HYPERLINKS<\/h3>\n<div>The <a href=\"https:\/\/www.fede.education\/\" target=\"_blank\" rel=\"noopener noreferrer\">www.fede.education<\/a> site contains a number of hyperlinks directing to other sites (partners, information, etc.). However, the site owner does not have the capacity to verify the contents of such sites and therefore accepts no responsibility for potential risks of illicit content.<\/div>\n<div><\/div>\n<h3>PERSONAL DATA PROTECTION<\/h3>\n<div>On the <a href=\"https:\/\/www.fede.education\/\" target=\"_blank\" rel=\"noopener noreferrer\">www.fede.education<\/a> site, the site owner only collects a user\u2019s personal information in connection with certain services offered by the <a href=\"https:\/\/www.fede.education\/\" target=\"_blank\" rel=\"noopener noreferrer\">www.fede.education<\/a>\u00a0 site.<\/div>\n<div><\/div>\n<div>In compliance with\u00a0<strong>article 27 of the Law on Information Technology and Liberties of 6 January 1978<\/strong>, users are entitled to access, rectify and delete any data concerning them. To exercise this right, please contact the IT department using the following email address: <a href=\"mailto:%20mailbox@fede.education\" target=\"_blank\" rel=\"noopener noreferrer\">mailbox@fede.education<\/a><\/div>\n<div><\/div>\n<div>None of the personal information of the user of the <a href=\"https:\/\/www.fede.education\/\" target=\"_blank\" rel=\"noopener noreferrer\">www.fede.education<\/a> site is published without the user\u2019s knowledge, or exchanged, transferred, assigned or sold on any medium whatsoever to third parties.<\/div>\n<\/div><div class=\"fusion-clearfix\"><\/div><\/div><\/div><\/div><\/div><\/p>\n","protected":false},"excerpt":{"rendered":"","protected":false},"author":10,"featured_media":0,"parent":0,"menu_order":0,"comment_status":"closed","ping_status":"closed","template":"","meta":{"_acf_changed":false,"footnotes":""},"class_list":["post-41917","page","type-page","status-publish","hentry"],"acf":[],"yoast_head":"<!-- This site is optimized with the Yoast SEO plugin v23.5 - https:\/\/yoast.com\/wordpress\/plugins\/seo\/ -->\n<title>Legal Notices - FEDE - F\u00e9d\u00e9ration Europ\u00e9enne Des Ecoles<\/title>\n<meta name=\"robots\" content=\"index, follow, max-snippet:-1, max-image-preview:large, max-video-preview:-1\" \/>\n<link rel=\"canonical\" href=\"https:\/\/www.fede.education\/en\/legal-notices\/\" \/>\n<meta property=\"og:locale\" content=\"en_US\" \/>\n<meta property=\"og:type\" content=\"article\" \/>\n<meta property=\"og:title\" content=\"Legal Notices - FEDE - F\u00e9d\u00e9ration Europ\u00e9enne Des Ecoles\" \/>\n<meta property=\"og:url\" content=\"https:\/\/www.fede.education\/en\/legal-notices\/\" \/>\n<meta property=\"og:site_name\" content=\"FEDE - F\u00e9d\u00e9ration Europ\u00e9enne Des Ecoles\" \/>\n<meta property=\"article:publisher\" content=\"https:\/\/www.facebook.com\/fede.education\" \/>\n<meta property=\"article:modified_time\" content=\"2022-08-03T06:50:52+00:00\" \/>\n<meta name=\"twitter:card\" content=\"summary_large_image\" \/>\n<meta name=\"twitter:site\" content=\"@FEDE_OING\" \/>\n<meta name=\"twitter:label1\" content=\"Est. reading time\" \/>\n\t<meta name=\"twitter:data1\" content=\"9 minutes\" \/>\n<script type=\"application\/ld+json\" class=\"yoast-schema-graph\">{\"@context\":\"https:\/\/schema.org\",\"@graph\":[{\"@type\":\"WebPage\",\"@id\":\"https:\/\/www.fede.education\/en\/legal-notices\/\",\"url\":\"https:\/\/www.fede.education\/en\/legal-notices\/\",\"name\":\"Legal Notices - FEDE - F\u00e9d\u00e9ration Europ\u00e9enne Des Ecoles\",\"isPartOf\":{\"@id\":\"https:\/\/www.fede.education\/#website\"},\"datePublished\":\"2022-06-19T17:43:39+00:00\",\"dateModified\":\"2022-08-03T06:50:52+00:00\",\"breadcrumb\":{\"@id\":\"https:\/\/www.fede.education\/en\/legal-notices\/#breadcrumb\"},\"inLanguage\":\"en-US\",\"potentialAction\":[{\"@type\":\"ReadAction\",\"target\":[\"https:\/\/www.fede.education\/en\/legal-notices\/\"]}]},{\"@type\":\"BreadcrumbList\",\"@id\":\"https:\/\/www.fede.education\/en\/legal-notices\/#breadcrumb\",\"itemListElement\":[{\"@type\":\"ListItem\",\"position\":1,\"name\":\"Accueil\",\"item\":\"https:\/\/www.fede.education\/en\/\"},{\"@type\":\"ListItem\",\"position\":2,\"name\":\"Legal Notices\"}]},{\"@type\":\"WebSite\",\"@id\":\"https:\/\/www.fede.education\/#website\",\"url\":\"https:\/\/www.fede.education\/\",\"name\":\"FEDE - F\u00e9d\u00e9ration Europ\u00e9enne Des Ecoles\",\"description\":\"\",\"publisher\":{\"@id\":\"https:\/\/www.fede.education\/#organization\"},\"potentialAction\":[{\"@type\":\"SearchAction\",\"target\":{\"@type\":\"EntryPoint\",\"urlTemplate\":\"https:\/\/www.fede.education\/?s={search_term_string}\"},\"query-input\":{\"@type\":\"PropertyValueSpecification\",\"valueRequired\":true,\"valueName\":\"search_term_string\"}}],\"inLanguage\":\"en-US\"},{\"@type\":\"Organization\",\"@id\":\"https:\/\/www.fede.education\/#organization\",\"name\":\"FEDE - F\u00e9d\u00e9ration Europ\u00e9enne Des Ecoles\",\"url\":\"https:\/\/www.fede.education\/\",\"logo\":{\"@type\":\"ImageObject\",\"inLanguage\":\"en-US\",\"@id\":\"https:\/\/www.fede.education\/#\/schema\/logo\/image\/\",\"url\":\"https:\/\/www.fede.education\/wp-content\/uploads\/2022\/08\/cropped-Logo_entete_site_FEDE.png\",\"contentUrl\":\"https:\/\/www.fede.education\/wp-content\/uploads\/2022\/08\/cropped-Logo_entete_site_FEDE.png\",\"width\":512,\"height\":512,\"caption\":\"FEDE - F\u00e9d\u00e9ration Europ\u00e9enne Des Ecoles\"},\"image\":{\"@id\":\"https:\/\/www.fede.education\/#\/schema\/logo\/image\/\"},\"sameAs\":[\"https:\/\/www.facebook.com\/fede.education\",\"https:\/\/x.com\/FEDE_OING\",\"https:\/\/twitter.com\/FEDE_OING\"]}]}<\/script>\n<!-- \/ Yoast SEO plugin. -->","yoast_head_json":{"title":"Legal Notices - FEDE - F\u00e9d\u00e9ration Europ\u00e9enne Des Ecoles","robots":{"index":"index","follow":"follow","max-snippet":"max-snippet:-1","max-image-preview":"max-image-preview:large","max-video-preview":"max-video-preview:-1"},"canonical":"https:\/\/www.fede.education\/en\/legal-notices\/","og_locale":"en_US","og_type":"article","og_title":"Legal Notices - FEDE - F\u00e9d\u00e9ration Europ\u00e9enne Des Ecoles","og_url":"https:\/\/www.fede.education\/en\/legal-notices\/","og_site_name":"FEDE - F\u00e9d\u00e9ration Europ\u00e9enne Des Ecoles","article_publisher":"https:\/\/www.facebook.com\/fede.education","article_modified_time":"2022-08-03T06:50:52+00:00","twitter_card":"summary_large_image","twitter_site":"@FEDE_OING","twitter_misc":{"Est. reading time":"9 minutes"},"schema":{"@context":"https:\/\/schema.org","@graph":[{"@type":"WebPage","@id":"https:\/\/www.fede.education\/en\/legal-notices\/","url":"https:\/\/www.fede.education\/en\/legal-notices\/","name":"Legal Notices - FEDE - F\u00e9d\u00e9ration Europ\u00e9enne Des Ecoles","isPartOf":{"@id":"https:\/\/www.fede.education\/#website"},"datePublished":"2022-06-19T17:43:39+00:00","dateModified":"2022-08-03T06:50:52+00:00","breadcrumb":{"@id":"https:\/\/www.fede.education\/en\/legal-notices\/#breadcrumb"},"inLanguage":"en-US","potentialAction":[{"@type":"ReadAction","target":["https:\/\/www.fede.education\/en\/legal-notices\/"]}]},{"@type":"BreadcrumbList","@id":"https:\/\/www.fede.education\/en\/legal-notices\/#breadcrumb","itemListElement":[{"@type":"ListItem","position":1,"name":"Accueil","item":"https:\/\/www.fede.education\/en\/"},{"@type":"ListItem","position":2,"name":"Legal Notices"}]},{"@type":"WebSite","@id":"https:\/\/www.fede.education\/#website","url":"https:\/\/www.fede.education\/","name":"FEDE - F\u00e9d\u00e9ration Europ\u00e9enne Des Ecoles","description":"","publisher":{"@id":"https:\/\/www.fede.education\/#organization"},"potentialAction":[{"@type":"SearchAction","target":{"@type":"EntryPoint","urlTemplate":"https:\/\/www.fede.education\/?s={search_term_string}"},"query-input":{"@type":"PropertyValueSpecification","valueRequired":true,"valueName":"search_term_string"}}],"inLanguage":"en-US"},{"@type":"Organization","@id":"https:\/\/www.fede.education\/#organization","name":"FEDE - F\u00e9d\u00e9ration Europ\u00e9enne Des Ecoles","url":"https:\/\/www.fede.education\/","logo":{"@type":"ImageObject","inLanguage":"en-US","@id":"https:\/\/www.fede.education\/#\/schema\/logo\/image\/","url":"https:\/\/www.fede.education\/wp-content\/uploads\/2022\/08\/cropped-Logo_entete_site_FEDE.png","contentUrl":"https:\/\/www.fede.education\/wp-content\/uploads\/2022\/08\/cropped-Logo_entete_site_FEDE.png","width":512,"height":512,"caption":"FEDE - F\u00e9d\u00e9ration Europ\u00e9enne Des Ecoles"},"image":{"@id":"https:\/\/www.fede.education\/#\/schema\/logo\/image\/"},"sameAs":["https:\/\/www.facebook.com\/fede.education","https:\/\/x.com\/FEDE_OING","https:\/\/twitter.com\/FEDE_OING"]}]}},"_links":{"self":[{"href":"https:\/\/www.fede.education\/en\/wp-json\/wp\/v2\/pages\/41917"}],"collection":[{"href":"https:\/\/www.fede.education\/en\/wp-json\/wp\/v2\/pages"}],"about":[{"href":"https:\/\/www.fede.education\/en\/wp-json\/wp\/v2\/types\/page"}],"author":[{"embeddable":true,"href":"https:\/\/www.fede.education\/en\/wp-json\/wp\/v2\/users\/10"}],"replies":[{"embeddable":true,"href":"https:\/\/www.fede.education\/en\/wp-json\/wp\/v2\/comments?post=41917"}],"version-history":[{"count":3,"href":"https:\/\/www.fede.education\/en\/wp-json\/wp\/v2\/pages\/41917\/revisions"}],"predecessor-version":[{"id":41932,"href":"https:\/\/www.fede.education\/en\/wp-json\/wp\/v2\/pages\/41917\/revisions\/41932"}],"wp:attachment":[{"href":"https:\/\/www.fede.education\/en\/wp-json\/wp\/v2\/media?parent=41917"}],"curies":[{"name":"wp","href":"https:\/\/api.w.org\/{rel}","templated":true}]}}