{"id":41937,"date":"2022-06-19T19:53:26","date_gmt":"2022-06-19T17:53:26","guid":{"rendered":"https:\/\/www.fede.education\/rgpd\/"},"modified":"2022-08-03T08:17:26","modified_gmt":"2022-08-03T06:17:26","slug":"gdpr","status":"publish","type":"page","link":"https:\/\/www.fede.education\/en\/gdpr\/","title":{"rendered":"GDPR"},"content":{"rendered":"<p><div class=\"fusion-fullwidth fullwidth-box fusion-builder-row-1 hundred-percent-fullwidth non-hundred-percent-height-scrolling\" style=\"--awb-border-radius-top-left:0px;--awb-border-radius-top-right:0px;--awb-border-radius-bottom-right:0px;--awb-border-radius-bottom-left:0px;--awb-padding-top:0px;--awb-padding-right:0px;--awb-padding-bottom:0px;--awb-padding-left:0px;--awb-margin-bottom:20px;--awb-flex-wrap:wrap;\" ><div class=\"fusion-builder-row fusion-row\"><div class=\"fusion-layout-column fusion_builder_column fusion-builder-column-0 fusion_builder_column_1_1 1_1 fusion-one-full fusion-column-first fusion-column-last\" style=\"--awb-bg-size:cover;--awb-margin-bottom:0px;\"><div class=\"fusion-column-wrapper fusion-column-has-shadow fusion-flex-column-wrapper-legacy\"><div class=\"fusion-title title fusion-title-1 fusion-sep-none fusion-title-text fusion-title-size-one\"><h1 class=\"fusion-title-heading title-heading-left\" style=\"margin:0;\">GDPR<\/h1><\/div><div class=\"fusion-clearfix\"><\/div><\/div><\/div><\/div><\/div><div class=\"fusion-fullwidth fullwidth-box fusion-builder-row-2 hundred-percent-fullwidth non-hundred-percent-height-scrolling\" style=\"--awb-border-radius-top-left:0px;--awb-border-radius-top-right:0px;--awb-border-radius-bottom-right:0px;--awb-border-radius-bottom-left:0px;--awb-padding-top:0px;--awb-padding-right:0px;--awb-padding-bottom:0px;--awb-padding-left:0px;--awb-margin-bottom:20px;--awb-flex-wrap:wrap;\" ><div class=\"fusion-builder-row fusion-row\"><div class=\"fusion-layout-column fusion_builder_column fusion-builder-column-1 fusion_builder_column_1_1 1_1 fusion-one-full fusion-column-first fusion-column-last\" style=\"--awb-bg-size:cover;--awb-margin-bottom:0px;\"><div class=\"fusion-column-wrapper fusion-column-has-shadow fusion-flex-column-wrapper-legacy\"><div class=\"fusion-text fusion-text-1\"><p><strong> I- GDPR or General Data Protection Regulation <\/strong><\/p>\n<ol>\n<li><strong> Forms data<br \/>\n<\/strong>The www.fede.education site collects consent-based contact form input data, which is stored securely, for technical support purposes related to the management of registrations, information requests and\/or registrations. to the newsletter.<br \/>\nAll the information collected via the form(s) on the www.fede.education site is listed within the FEDE.<br \/>\nInternet users who have used our forms can request the deletion of this information at any time.<br \/>\nThe following information may be collected on our contact form:<br \/>\nLast name, first name, email, subject and any other personally identifiable information provided in the \u201cyour message\u201d field.<br \/>\nThese data are stored for as long as necessary to provide the requested service (contact, request for information, registration, etc.). Following receipt of this form, the data will be stored but will not be processed for any other purpose.<br \/>\nIf you wish to delete or modify your data, please contact: mailbox@fede.education<\/li>\n<li><strong> Respect for personal data<\/strong><\/li>\n<\/ol>\n<p><strong>2.1. Access data<br \/>\n<\/strong>You can at any time request the information attached to your contact e-mail address or registration for a service. For any request, please contact: mailbox@fede.education<\/p>\n<p><strong>2.2. Rectify data<\/strong><br \/>\nYou can at any time rectify the information attached to your contact or service registration e-mail address. For any request, please contact: mailbox@fede.education<\/p>\n<p><strong>2.3. Erase data<\/strong><br \/>\nYou can delete the information attached to your contact or service registration email address at any time. For any request, please contact: mailbox@fede.education<\/p>\n<p><strong>2.4. Opt out <\/strong><br \/>\nYou can unsubscribe from all newsletter subscriber lists at any time. Please use this link to unsubscribe: mailbox@fede.education<\/p>\n<p><strong>Nota:<\/strong> the data submitted to us for a subscription to the Newsletter is limited to the only email address, so it is not personally identifiable. This may affect your rights above or our ability to obtain a copy, correct or erase your data as there is no way to trace you.<\/p>\n<p><strong>2.5. How do we ensure your data is secure?<br \/>\n<\/strong>The FEDE considers with the greatest vigilance the security of the data it collects and ensures that it is protected against any unauthorized access, alteration, disclosure or destruction.<\/p>\n<ul>\n<li>All the pages of the www.fede.education site benefit from the \u201chttps\u201d protocol so that exchanges are encrypted using SSL.<\/li>\n<li>We regularly review our data collection, storage and processing practices, including physical and electronic security measures.<\/li>\n<li>We limit access to your personal data only to those FEDE employees who need access to provide the requested services.<\/li>\n<li>All of our employees are subject to strict confidentiality and non-disclosure obligations, breach of which may result in termination and\/or liability.<\/li>\n<\/ul>\n<p><strong>2.6.\u00a0 Subcontractors<\/strong><br \/>\nWhen you use one of the forms on our website, the data is transmitted directly to our hosting server which is managed by our web agency: Ideal Productions, 14 Rue Auguste Morel, 89100 Sens, France.<\/p>\n<p><strong>2.7. Questions about our best practices?<br \/>\n<\/strong>If you have not found an answer to your questions regarding our compliance with the GDPR directives within the FEDE, please contact us at the following address: mailbox@fede.education<\/p>\n<p><strong>2.8. General GDPR information<br \/>\n<\/strong>FEDE strives to comply with GDPR regulations and encourages you to do the same. To familiarize yourself with the provisions and modifications of the GDPR, we invite you to consult the CNIL website: www.cnil.fr\/professionnel<\/p>\n<p><strong>NOTA:<\/strong> This page of the www.fede.education site is not intended to provide legal advice, its sole purpose is to inform you about our compliance with the GDPR directives. For any specific need concerning you, we recommend that you consult your own legal adviser.<\/p>\n<p><strong>II- Cookies<\/strong><\/p>\n<ol>\n<li><strong> Privacy &amp; Cookies<br \/>\n<\/strong>By connecting to our site www.fede.education, it is likely to install one or more cookies in your terminal during their legal period of validity. Cookies are data stored on an Internet user&#8217;s computer, tablet or smartphone and used by the transmitting site to send information to the Internet user&#8217;s browser, thus allowing it to send information back to the transmitting site. In accordance with the legislation in force in France, we must inform you of the purpose of these cookies, the collection of your consent prior to the deposit of the latter, and the means of opposing them, before carrying out your navigation on our site.<\/li>\n<li><strong> Cookies are used to<br \/>\n<\/strong>&#8211; Analyze traffic to our site (Google Analytics).<br \/>\n&#8211; Optimize the offers, services and\/or ergonomics of our site<br \/>\n&#8211; Keep information related to contact forms, products or services to which you have subscribed, etc&#8230; No information related to means of payment is stored on our site.<br \/>\nHowever, third-party cookies are likely to be issued if you click on partner sites from our site, or when sharing via our social networks.<br \/>\nWe inform you that the issuance and use of cookies by third-party issuers will be subject to the privacy protection policies (GDPR) of these third-party issuers.<\/li>\n<li><strong> How to delete cookies from your computer or smartphone<br \/>\n<\/strong>Your browser software can be configured to save cookies or not. This can be configured so that the acceptance or refusal of cookies is offered to you from time to time, before a cookie is likely to be saved.<br \/>\nIf you refuse or delete the registration of cookies, you will no longer be able to benefit from certain functionalities necessary for browsing on certain pages of our Site. If necessary, we decline any responsibility related to the degraded functioning of our services. Regarding the recording of cookies on your computer, smartphone or tablet, if you have accepted it, the cookies will be temporarily stored in a dedicated space on your terminal during their period of validity and will only be readable by their issuer.<\/li>\n<\/ol>\n<p><strong>Managing cookies using the &#8220;Help&#8221; menu of your browser<br \/>\n<\/strong><a href=\"https:\/\/windows.microsoft.com\/fr-FR\/windows-vista\/Block-or-allow-cookies\" target=\"_blank\" rel=\"noopener\">Internet Explorer\u2122<\/a><br \/>\n<a href=\"https:\/\/support.apple.com\/fr-fr\/HT201265\" target=\"_blank\" rel=\"noopener\">Safari\u2122<\/a><br \/>\n<a href=\"https:\/\/help.opera.com\/Windows\/10.20\/fr\/cookies.html\" target=\"_blank\" rel=\"noopener\">Opera\u2122<\/a><br \/>\n<a href=\"https:\/\/support.google.com\/chrome\/bin\/answer.py?hl=fr&amp;hlrm=en&amp;answer=95647\" target=\"_blank\" rel=\"noopener\">Chrome<\/a>\u2122<br \/>\n<a href=\"https:\/\/support.mozilla.org\/fr\/kb\/Activer%20et%20d%C3%A9sactiver%20les%20cookies\" target=\"_blank\" rel=\"noopener\">Firefox\u2122<\/a><\/p>\n<p><strong>Managing cookies on smartphones<br \/>\n<\/strong> <a href=\"https:\/\/support.apple.com\/fr-fr\/HT201265\" target=\"_blank\" rel=\"noopener\">iOS\u2122<\/a><br \/>\n<a href=\"https:\/\/support.google.com\/chrome\/topic\/3434352\" target=\"_blank\" rel=\"noopener\">Android\u2122<\/a><\/p>\n<p><strong>Management of cookies on social networks<br \/>\n<\/strong><a href=\"https:\/\/www.facebook.com\/policies\/cookies\/\" target=\"_blank\" rel=\"noopener\">Facebook\u2122<\/a><br \/>\n<a href=\"https:\/\/help.instagram.com\/1896641480634370?ref=ig\" target=\"_blank\" rel=\"noopener\">Instagram\u2122<\/a><\/p>\n<\/div><div class=\"fusion-clearfix\"><\/div><\/div><\/div><\/div><\/div><\/p>\n","protected":false},"excerpt":{"rendered":"","protected":false},"author":10,"featured_media":0,"parent":0,"menu_order":0,"comment_status":"closed","ping_status":"closed","template":"","meta":{"_acf_changed":false,"footnotes":""},"class_list":["post-41937","page","type-page","status-publish","hentry"],"acf":[],"yoast_head":"<!-- This site is optimized with the Yoast SEO plugin v23.5 - https:\/\/yoast.com\/wordpress\/plugins\/seo\/ -->\n<title>GDPR - FEDE - F\u00e9d\u00e9ration Europ\u00e9enne Des Ecoles<\/title>\n<meta name=\"robots\" content=\"index, follow, max-snippet:-1, max-image-preview:large, max-video-preview:-1\" \/>\n<link rel=\"canonical\" href=\"https:\/\/www.fede.education\/en\/gdpr\/\" \/>\n<meta property=\"og:locale\" content=\"en_US\" \/>\n<meta property=\"og:type\" content=\"article\" \/>\n<meta property=\"og:title\" content=\"GDPR - FEDE - F\u00e9d\u00e9ration Europ\u00e9enne Des Ecoles\" \/>\n<meta property=\"og:url\" content=\"https:\/\/www.fede.education\/en\/gdpr\/\" \/>\n<meta property=\"og:site_name\" content=\"FEDE - F\u00e9d\u00e9ration Europ\u00e9enne Des Ecoles\" \/>\n<meta property=\"article:publisher\" content=\"https:\/\/www.facebook.com\/fede.education\" \/>\n<meta property=\"article:modified_time\" content=\"2022-08-03T06:17:26+00:00\" \/>\n<meta name=\"twitter:card\" content=\"summary_large_image\" \/>\n<meta name=\"twitter:site\" content=\"@FEDE_OING\" \/>\n<meta name=\"twitter:label1\" content=\"Est. reading time\" \/>\n\t<meta name=\"twitter:data1\" content=\"12 minutes\" \/>\n<script type=\"application\/ld+json\" class=\"yoast-schema-graph\">{\"@context\":\"https:\/\/schema.org\",\"@graph\":[{\"@type\":\"WebPage\",\"@id\":\"https:\/\/www.fede.education\/en\/gdpr\/\",\"url\":\"https:\/\/www.fede.education\/en\/gdpr\/\",\"name\":\"GDPR - FEDE - F\u00e9d\u00e9ration Europ\u00e9enne Des Ecoles\",\"isPartOf\":{\"@id\":\"https:\/\/www.fede.education\/#website\"},\"datePublished\":\"2022-06-19T17:53:26+00:00\",\"dateModified\":\"2022-08-03T06:17:26+00:00\",\"breadcrumb\":{\"@id\":\"https:\/\/www.fede.education\/en\/gdpr\/#breadcrumb\"},\"inLanguage\":\"en-US\",\"potentialAction\":[{\"@type\":\"ReadAction\",\"target\":[\"https:\/\/www.fede.education\/en\/gdpr\/\"]}]},{\"@type\":\"BreadcrumbList\",\"@id\":\"https:\/\/www.fede.education\/en\/gdpr\/#breadcrumb\",\"itemListElement\":[{\"@type\":\"ListItem\",\"position\":1,\"name\":\"Accueil\",\"item\":\"https:\/\/www.fede.education\/en\/\"},{\"@type\":\"ListItem\",\"position\":2,\"name\":\"GDPR\"}]},{\"@type\":\"WebSite\",\"@id\":\"https:\/\/www.fede.education\/#website\",\"url\":\"https:\/\/www.fede.education\/\",\"name\":\"FEDE - F\u00e9d\u00e9ration Europ\u00e9enne Des Ecoles\",\"description\":\"\",\"publisher\":{\"@id\":\"https:\/\/www.fede.education\/#organization\"},\"potentialAction\":[{\"@type\":\"SearchAction\",\"target\":{\"@type\":\"EntryPoint\",\"urlTemplate\":\"https:\/\/www.fede.education\/?s={search_term_string}\"},\"query-input\":{\"@type\":\"PropertyValueSpecification\",\"valueRequired\":true,\"valueName\":\"search_term_string\"}}],\"inLanguage\":\"en-US\"},{\"@type\":\"Organization\",\"@id\":\"https:\/\/www.fede.education\/#organization\",\"name\":\"FEDE - F\u00e9d\u00e9ration Europ\u00e9enne Des Ecoles\",\"url\":\"https:\/\/www.fede.education\/\",\"logo\":{\"@type\":\"ImageObject\",\"inLanguage\":\"en-US\",\"@id\":\"https:\/\/www.fede.education\/#\/schema\/logo\/image\/\",\"url\":\"https:\/\/www.fede.education\/wp-content\/uploads\/2022\/08\/cropped-Logo_entete_site_FEDE.png\",\"contentUrl\":\"https:\/\/www.fede.education\/wp-content\/uploads\/2022\/08\/cropped-Logo_entete_site_FEDE.png\",\"width\":512,\"height\":512,\"caption\":\"FEDE - F\u00e9d\u00e9ration Europ\u00e9enne Des Ecoles\"},\"image\":{\"@id\":\"https:\/\/www.fede.education\/#\/schema\/logo\/image\/\"},\"sameAs\":[\"https:\/\/www.facebook.com\/fede.education\",\"https:\/\/x.com\/FEDE_OING\",\"https:\/\/twitter.com\/FEDE_OING\"]}]}<\/script>\n<!-- \/ Yoast SEO plugin. -->","yoast_head_json":{"title":"GDPR - FEDE - F\u00e9d\u00e9ration Europ\u00e9enne Des Ecoles","robots":{"index":"index","follow":"follow","max-snippet":"max-snippet:-1","max-image-preview":"max-image-preview:large","max-video-preview":"max-video-preview:-1"},"canonical":"https:\/\/www.fede.education\/en\/gdpr\/","og_locale":"en_US","og_type":"article","og_title":"GDPR - FEDE - F\u00e9d\u00e9ration Europ\u00e9enne Des Ecoles","og_url":"https:\/\/www.fede.education\/en\/gdpr\/","og_site_name":"FEDE - F\u00e9d\u00e9ration Europ\u00e9enne Des Ecoles","article_publisher":"https:\/\/www.facebook.com\/fede.education","article_modified_time":"2022-08-03T06:17:26+00:00","twitter_card":"summary_large_image","twitter_site":"@FEDE_OING","twitter_misc":{"Est. reading time":"12 minutes"},"schema":{"@context":"https:\/\/schema.org","@graph":[{"@type":"WebPage","@id":"https:\/\/www.fede.education\/en\/gdpr\/","url":"https:\/\/www.fede.education\/en\/gdpr\/","name":"GDPR - FEDE - F\u00e9d\u00e9ration Europ\u00e9enne Des Ecoles","isPartOf":{"@id":"https:\/\/www.fede.education\/#website"},"datePublished":"2022-06-19T17:53:26+00:00","dateModified":"2022-08-03T06:17:26+00:00","breadcrumb":{"@id":"https:\/\/www.fede.education\/en\/gdpr\/#breadcrumb"},"inLanguage":"en-US","potentialAction":[{"@type":"ReadAction","target":["https:\/\/www.fede.education\/en\/gdpr\/"]}]},{"@type":"BreadcrumbList","@id":"https:\/\/www.fede.education\/en\/gdpr\/#breadcrumb","itemListElement":[{"@type":"ListItem","position":1,"name":"Accueil","item":"https:\/\/www.fede.education\/en\/"},{"@type":"ListItem","position":2,"name":"GDPR"}]},{"@type":"WebSite","@id":"https:\/\/www.fede.education\/#website","url":"https:\/\/www.fede.education\/","name":"FEDE - F\u00e9d\u00e9ration Europ\u00e9enne Des Ecoles","description":"","publisher":{"@id":"https:\/\/www.fede.education\/#organization"},"potentialAction":[{"@type":"SearchAction","target":{"@type":"EntryPoint","urlTemplate":"https:\/\/www.fede.education\/?s={search_term_string}"},"query-input":{"@type":"PropertyValueSpecification","valueRequired":true,"valueName":"search_term_string"}}],"inLanguage":"en-US"},{"@type":"Organization","@id":"https:\/\/www.fede.education\/#organization","name":"FEDE - F\u00e9d\u00e9ration Europ\u00e9enne Des Ecoles","url":"https:\/\/www.fede.education\/","logo":{"@type":"ImageObject","inLanguage":"en-US","@id":"https:\/\/www.fede.education\/#\/schema\/logo\/image\/","url":"https:\/\/www.fede.education\/wp-content\/uploads\/2022\/08\/cropped-Logo_entete_site_FEDE.png","contentUrl":"https:\/\/www.fede.education\/wp-content\/uploads\/2022\/08\/cropped-Logo_entete_site_FEDE.png","width":512,"height":512,"caption":"FEDE - F\u00e9d\u00e9ration Europ\u00e9enne Des Ecoles"},"image":{"@id":"https:\/\/www.fede.education\/#\/schema\/logo\/image\/"},"sameAs":["https:\/\/www.facebook.com\/fede.education","https:\/\/x.com\/FEDE_OING","https:\/\/twitter.com\/FEDE_OING"]}]}},"_links":{"self":[{"href":"https:\/\/www.fede.education\/en\/wp-json\/wp\/v2\/pages\/41937"}],"collection":[{"href":"https:\/\/www.fede.education\/en\/wp-json\/wp\/v2\/pages"}],"about":[{"href":"https:\/\/www.fede.education\/en\/wp-json\/wp\/v2\/types\/page"}],"author":[{"embeddable":true,"href":"https:\/\/www.fede.education\/en\/wp-json\/wp\/v2\/users\/10"}],"replies":[{"embeddable":true,"href":"https:\/\/www.fede.education\/en\/wp-json\/wp\/v2\/comments?post=41937"}],"version-history":[{"count":2,"href":"https:\/\/www.fede.education\/en\/wp-json\/wp\/v2\/pages\/41937\/revisions"}],"predecessor-version":[{"id":41947,"href":"https:\/\/www.fede.education\/en\/wp-json\/wp\/v2\/pages\/41937\/revisions\/41947"}],"wp:attachment":[{"href":"https:\/\/www.fede.education\/en\/wp-json\/wp\/v2\/media?parent=41937"}],"curies":[{"name":"wp","href":"https:\/\/api.w.org\/{rel}","templated":true}]}}