{"id":41960,"date":"2022-06-07T21:59:46","date_gmt":"2022-06-07T19:59:46","guid":{"rendered":"https:\/\/www.fede.education\/faq\/"},"modified":"2022-08-03T08:49:23","modified_gmt":"2022-08-03T06:49:23","slug":"faq","status":"publish","type":"page","link":"https:\/\/www.fede.education\/en\/faq\/","title":{"rendered":"FAQ EN"},"content":{"rendered":"<p><div class=\"fusion-fullwidth fullwidth-box fusion-builder-row-1 hundred-percent-fullwidth non-hundred-percent-height-scrolling\" style=\"--awb-border-radius-top-left:0px;--awb-border-radius-top-right:0px;--awb-border-radius-bottom-right:0px;--awb-border-radius-bottom-left:0px;--awb-padding-top:0px;--awb-padding-right:0px;--awb-padding-bottom:0px;--awb-padding-left:0px;--awb-margin-bottom:20px;--awb-flex-wrap:wrap;\" ><div class=\"fusion-builder-row fusion-row\"><div class=\"fusion-layout-column fusion_builder_column fusion-builder-column-0 fusion_builder_column_1_1 1_1 fusion-one-full fusion-column-first fusion-column-last\" style=\"--awb-bg-size:cover;--awb-margin-bottom:0px;\"><div class=\"fusion-column-wrapper fusion-column-has-shadow fusion-flex-column-wrapper-legacy\"><div class=\"fusion-title title fusion-title-1 fusion-sep-none fusion-title-text fusion-title-size-one\"><h1 class=\"fusion-title-heading title-heading-left\" style=\"margin:0;\"><h1 class=\"masterstudy-custom-title\">OUR ANSWERS TO YOUR QUESTIONS<\/h1><\/h1><\/div><div class=\"fusion-sep-clear\"><\/div><div class=\"fusion-separator fusion-full-width-sep\" style=\"margin-left: auto;margin-right: auto;margin-top:30px;width:100%;\"><\/div><div class=\"fusion-sep-clear\"><\/div><div class=\"fusion-clearfix\"><\/div><\/div><\/div><\/div><\/div><div class=\"fusion-fullwidth fullwidth-box fusion-builder-row-2 hundred-percent-fullwidth non-hundred-percent-height-scrolling\" style=\"--awb-border-radius-top-left:0px;--awb-border-radius-top-right:0px;--awb-border-radius-bottom-right:0px;--awb-border-radius-bottom-left:0px;--awb-padding-top:0px;--awb-padding-right:0px;--awb-padding-bottom:0px;--awb-padding-left:0px;--awb-margin-bottom:20px;--awb-flex-wrap:wrap;\" ><div class=\"fusion-builder-row fusion-row\"><div class=\"fusion-layout-column fusion_builder_column fusion-builder-column-1 fusion_builder_column_1_1 1_1 fusion-one-full fusion-column-first fusion-column-last\" style=\"--awb-bg-size:cover;--awb-margin-bottom:0px;\"><div class=\"fusion-column-wrapper fusion-column-has-shadow fusion-flex-column-wrapper-legacy\"><div class=\"fusion-tabs fusion-tabs-1 classic vertical-tabs icon-position-left mobile-mode-accordion\" style=\"--awb-title-border-radius-top-left:0px;--awb-title-border-radius-top-right:0px;--awb-title-border-radius-bottom-right:0px;--awb-title-border-radius-bottom-left:0px;--awb-inactive-color:#ebeaea;--awb-background-color:#ffffff;--awb-border-color:#ebeaea;--awb-active-border-color:#f0663d;\"><div class=\"nav\"><ul class=\"nav-tabs\" role=\"tablist\"><li class=\"active\" role=\"presentation\"><a class=\"tab-link\" data-toggle=\"tab\" role=\"tab\" aria-controls=\"tab-e2a245d8025333112d4\" aria-selected=\"true\" id=\"fusion-tab-whocanjointhefede?\" href=\"#tab-e2a245d8025333112d4\"><h4 class=\"fusion-tab-heading\">WHO CAN JOIN THE FEDE?<\/h4><\/a><\/li><li role=\"presentation\"><a class=\"tab-link\" data-toggle=\"tab\" role=\"tab\" aria-controls=\"tab-e744e20b1a30ae04670\" aria-selected=\"false\" tabindex=\"-1\" id=\"fusion-tab-when,duringtheyear,canwejoin?\" href=\"#tab-e744e20b1a30ae04670\"><h4 class=\"fusion-tab-heading\">WHEN, DURING THE YEAR, CAN WE JOIN? <\/h4><\/a><\/li><li role=\"presentation\"><a class=\"tab-link\" data-toggle=\"tab\" role=\"tab\" aria-controls=\"tab-65b75aa7d388d5b1262\" aria-selected=\"false\" tabindex=\"-1\" id=\"fusion-tab-whataretheprerequisiteconditionstojoin?\" href=\"#tab-65b75aa7d388d5b1262\"><h4 class=\"fusion-tab-heading\">WHAT ARE THE PREREQUISITE CONDITIONS TO JOIN?<\/h4><\/a><\/li><li role=\"presentation\"><a class=\"tab-link\" data-toggle=\"tab\" role=\"tab\" aria-controls=\"tab-467349de70457f30df1\" aria-selected=\"false\" tabindex=\"-1\" id=\"fusion-tab-howisthemulti-entitygroupmembershipappointmentorganised?\" href=\"#tab-467349de70457f30df1\"><h4 class=\"fusion-tab-heading\">HOW IS THE MULTI-ENTITY GROUP MEMBERSHIP APPOINTMENT ORGANISED?<\/h4><\/a><\/li><li role=\"presentation\"><a class=\"tab-link\" data-toggle=\"tab\" role=\"tab\" aria-controls=\"tab-2e0bd2e463c2f85573c\" aria-selected=\"false\" tabindex=\"-1\" id=\"fusion-tab-whatisthestatutesofaschoolonceithasbeenappointedbythefedecommittee?\" href=\"#tab-2e0bd2e463c2f85573c\"><h4 class=\"fusion-tab-heading\">WHAT IS THE STATUTES OF A SCHOOL ONCE IT HAS BEEN APPOINTED BY THE FEDE COMMITTEE?<\/h4><\/a><\/li><li role=\"presentation\"><a class=\"tab-link\" data-toggle=\"tab\" role=\"tab\" aria-controls=\"tab-d4bf9e8e182b3ae48a5\" aria-selected=\"false\" tabindex=\"-1\" id=\"fusion-tab-whataretheobligationsforaninstitutionthathasjustbeentenured?\" href=\"#tab-d4bf9e8e182b3ae48a5\"><h4 class=\"fusion-tab-heading\">WHAT ARE THE OBLIGATIONS FOR AN INSTITUTION THAT HAS JUST BEEN TENURED?<\/h4><\/a><\/li><li role=\"presentation\"><a class=\"tab-link\" data-toggle=\"tab\" role=\"tab\" aria-controls=\"tab-d6b5161e198bf7e5ec7\" aria-selected=\"false\" tabindex=\"-1\" id=\"fusion-tab-whatmightthereasonsofdelistingbe?\" href=\"#tab-d6b5161e198bf7e5ec7\"><h4 class=\"fusion-tab-heading\">WHAT MIGHT THE REASONS OF DELISTING BE?<\/h4><\/a><\/li><li role=\"presentation\"><a class=\"tab-link\" data-toggle=\"tab\" role=\"tab\" aria-controls=\"tab-47f9c8ae6a528769e98\" aria-selected=\"false\" tabindex=\"-1\" id=\"fusion-tab-isthenumberofdiplomasaschoolcanofferlimitedfornewmembers?\" href=\"#tab-47f9c8ae6a528769e98\"><h4 class=\"fusion-tab-heading\">IS THE NUMBER OF DIPLOMAS A SCHOOL CAN OFFER LIMITED FOR NEW MEMBERS?<\/h4><\/a><\/li><li role=\"presentation\"><a class=\"tab-link\" data-toggle=\"tab\" role=\"tab\" aria-controls=\"tab-1207d6eb4ac985afd9f\" aria-selected=\"false\" tabindex=\"-1\" id=\"fusion-tab-whatisaccreditation?\" href=\"#tab-1207d6eb4ac985afd9f\"><h4 class=\"fusion-tab-heading\">WHAT IS ACCREDITATION? <\/h4><\/a><\/li><\/ul><\/div><div class=\"tab-content\"><div class=\"nav fusion-mobile-tab-nav\"><ul class=\"nav-tabs\" role=\"tablist\"><li class=\"active\" role=\"presentation\"><a class=\"tab-link\" data-toggle=\"tab\" role=\"tab\" aria-controls=\"tab-e2a245d8025333112d4\" aria-selected=\"true\" id=\"mobile-fusion-tab-whocanjointhefede?\" href=\"#tab-e2a245d8025333112d4\"><h4 class=\"fusion-tab-heading\">WHO CAN JOIN THE FEDE?<\/h4><\/a><\/li><\/ul><\/div><div class=\"tab-pane fade fusion-clearfix in active\" role=\"tabpanel\" tabindex=\"0\" aria-labelledby=\"fusion-tab-whocanjointhefede?\" id=\"tab-e2a245d8025333112d4\">\n<p>All body corporations, institutions, schools and independent educational organisations that share the same values as the European Federation of Schools, particularly regarding the creation of a genuine European education area and the freedom of teaching.<\/p>\n<\/div><div class=\"nav fusion-mobile-tab-nav\"><ul class=\"nav-tabs\" role=\"tablist\"><li role=\"presentation\"><a class=\"tab-link\" data-toggle=\"tab\" role=\"tab\" aria-controls=\"tab-e744e20b1a30ae04670\" aria-selected=\"false\" tabindex=\"-1\" id=\"mobile-fusion-tab-when,duringtheyear,canwejoin?\" href=\"#tab-e744e20b1a30ae04670\"><h4 class=\"fusion-tab-heading\">WHEN, DURING THE YEAR, CAN WE JOIN? <\/h4><\/a><\/li><\/ul><\/div><div class=\"tab-pane fade fusion-clearfix\" role=\"tabpanel\" tabindex=\"0\" aria-labelledby=\"fusion-tab-when,duringtheyear,canwejoin?\" id=\"tab-e744e20b1a30ae04670\">\n<p>Membership requests can be done all year long. However, the FEDE Committee gets together every quarter to decide on the appointments.<\/p>\n<\/div><div class=\"nav fusion-mobile-tab-nav\"><ul class=\"nav-tabs\" role=\"tablist\"><li role=\"presentation\"><a class=\"tab-link\" data-toggle=\"tab\" role=\"tab\" aria-controls=\"tab-65b75aa7d388d5b1262\" aria-selected=\"false\" tabindex=\"-1\" id=\"mobile-fusion-tab-whataretheprerequisiteconditionstojoin?\" href=\"#tab-65b75aa7d388d5b1262\"><h4 class=\"fusion-tab-heading\">WHAT ARE THE PREREQUISITE CONDITIONS TO JOIN?<\/h4><\/a><\/li><\/ul><\/div><div class=\"tab-pane fade fusion-clearfix\" role=\"tabpanel\" tabindex=\"0\" aria-labelledby=\"fusion-tab-whataretheprerequisiteconditionstojoin?\" id=\"tab-65b75aa7d388d5b1262\">\n<p>\u2022 The official existence of the school. An official registration of the school as an educational organisation is required.<br \/>\n\u2022 The school must have existed for at least one year.<\/p>\n<\/div><div class=\"nav fusion-mobile-tab-nav\"><ul class=\"nav-tabs\" role=\"tablist\"><li role=\"presentation\"><a class=\"tab-link\" data-toggle=\"tab\" role=\"tab\" aria-controls=\"tab-467349de70457f30df1\" aria-selected=\"false\" tabindex=\"-1\" id=\"mobile-fusion-tab-howisthemulti-entitygroupmembershipappointmentorganised?\" href=\"#tab-467349de70457f30df1\"><h4 class=\"fusion-tab-heading\">HOW IS THE MULTI-ENTITY GROUP MEMBERSHIP APPOINTMENT ORGANISED?<\/h4><\/a><\/li><\/ul><\/div><div class=\"tab-pane fade fusion-clearfix\" role=\"tabpanel\" tabindex=\"0\" aria-labelledby=\"fusion-tab-howisthemulti-entitygroupmembershipappointmentorganised?\" id=\"tab-467349de70457f30df1\">\n<div class=\"vc_toggle_content\">\n<p align=\"justify\">A group composed of several entities will fill in only one membership request that will be studied. Each entity will then be able to join the FEDE by supplying information about its own organisation; however the form will be accepted with no prior instruction by the FEDE.<br \/>\nThe entry right will be considered for the whole group. The annual due for the current year should be paid by each entity requesting membership.<br \/>\nAll the entities of group must answer to the same organizational and educational methods, and be administratively linked to the group.<br \/>\nThe notion of group should be validated by the FEDE at the start of the membership procedure.<\/p>\n<\/div>\n<\/div><div class=\"nav fusion-mobile-tab-nav\"><ul class=\"nav-tabs\" role=\"tablist\"><li role=\"presentation\"><a class=\"tab-link\" data-toggle=\"tab\" role=\"tab\" aria-controls=\"tab-2e0bd2e463c2f85573c\" aria-selected=\"false\" tabindex=\"-1\" id=\"mobile-fusion-tab-whatisthestatutesofaschoolonceithasbeenappointedbythefedecommittee?\" href=\"#tab-2e0bd2e463c2f85573c\"><h4 class=\"fusion-tab-heading\">WHAT IS THE STATUTES OF A SCHOOL ONCE IT HAS BEEN APPOINTED BY THE FEDE COMMITTEE?<\/h4><\/a><\/li><\/ul><\/div><div class=\"tab-pane fade fusion-clearfix\" role=\"tabpanel\" tabindex=\"0\" aria-labelledby=\"fusion-tab-whatisthestatutesofaschoolonceithasbeenappointedbythefedecommittee?\" id=\"tab-2e0bd2e463c2f85573c\">\n<p>An institution, settled in a European Council member country (47 countries), that just joined becomes an \u201caffiliate member\u201d for a probation period during which no power nor responsibility can be asked from the FEDE. The school becomes a \u201cpermanent member\u201d after the General Assembly.<br \/>\nOn the contrary, a school that doesn\u2019t belong to a European Council member country gets the \u201cobservant member\u201d title: this school would benefit from the same services as an \u201caffiliate member\u201d with the exception of the right to vote.<br \/>\nFor more information, consult the \u00ab\u00a0<a href=\"\/en\/statutes-of-the-fede\/\" target=\"_blank\" rel=\"noopener noreferrer\">Statutes of the FEDE<\/a>\u00a0\u00bb and the \u00ab\u00a0<a href=\"\/en\/mentions-legales\/\" target=\"_blank\" rel=\"noopener noreferrer\">Rules and regulations<\/a>\u00a0\u00bb.<\/p>\n<\/div><div class=\"nav fusion-mobile-tab-nav\"><ul class=\"nav-tabs\" role=\"tablist\"><li role=\"presentation\"><a class=\"tab-link\" data-toggle=\"tab\" role=\"tab\" aria-controls=\"tab-d4bf9e8e182b3ae48a5\" aria-selected=\"false\" tabindex=\"-1\" id=\"mobile-fusion-tab-whataretheobligationsforaninstitutionthathasjustbeentenured?\" href=\"#tab-d4bf9e8e182b3ae48a5\"><h4 class=\"fusion-tab-heading\">WHAT ARE THE OBLIGATIONS FOR AN INSTITUTION THAT HAS JUST BEEN TENURED?<\/h4><\/a><\/li><\/ul><\/div><div class=\"tab-pane fade fusion-clearfix\" role=\"tabpanel\" tabindex=\"0\" aria-labelledby=\"fusion-tab-whataretheobligationsforaninstitutionthathasjustbeentenured?\" id=\"tab-d4bf9e8e182b3ae48a5\">\n<p>Within the two years that follow its tenure, the school must come present itself during the new member sessions of the annual General Assembly.<\/p>\n<\/div><div class=\"nav fusion-mobile-tab-nav\"><ul class=\"nav-tabs\" role=\"tablist\"><li role=\"presentation\"><a class=\"tab-link\" data-toggle=\"tab\" role=\"tab\" aria-controls=\"tab-d6b5161e198bf7e5ec7\" aria-selected=\"false\" tabindex=\"-1\" id=\"mobile-fusion-tab-whatmightthereasonsofdelistingbe?\" href=\"#tab-d6b5161e198bf7e5ec7\"><h4 class=\"fusion-tab-heading\">WHAT MIGHT THE REASONS OF DELISTING BE?<\/h4><\/a><\/li><\/ul><\/div><div class=\"tab-pane fade fusion-clearfix\" role=\"tabpanel\" tabindex=\"0\" aria-labelledby=\"fusion-tab-whatmightthereasonsofdelistingbe?\" id=\"tab-d6b5161e198bf7e5ec7\">\n<p>Not following the rules and regulations of the FEDE.<br \/>\n\u2022 Any action that could impair the FEDE.<br \/>\n\u2022 Not paying the annual due for two consecutive years.<\/p>\n<\/div><div class=\"nav fusion-mobile-tab-nav\"><ul class=\"nav-tabs\" role=\"tablist\"><li role=\"presentation\"><a class=\"tab-link\" data-toggle=\"tab\" role=\"tab\" aria-controls=\"tab-47f9c8ae6a528769e98\" aria-selected=\"false\" tabindex=\"-1\" id=\"mobile-fusion-tab-isthenumberofdiplomasaschoolcanofferlimitedfornewmembers?\" href=\"#tab-47f9c8ae6a528769e98\"><h4 class=\"fusion-tab-heading\">IS THE NUMBER OF DIPLOMAS A SCHOOL CAN OFFER LIMITED FOR NEW MEMBERS?<\/h4><\/a><\/li><\/ul><\/div><div class=\"tab-pane fade fusion-clearfix\" role=\"tabpanel\" tabindex=\"0\" aria-labelledby=\"fusion-tab-isthenumberofdiplomasaschoolcanofferlimitedfornewmembers?\" id=\"tab-47f9c8ae6a528769e98\">\n<div class=\"vc_row wpb_row vc_row-fluid\">\n<div class=\"wpb_column vc_column_container vc_col-sm-12\">\n<div class=\"vc_column-inner\">\n<div class=\"wpb_wrapper\">\n<div id=\"1455717465368-4e3b7beb-7fd7\" class=\"vc_toggle vc_toggle_default vc_toggle_color_default vc_toggle_size_md vc_toggle_active\">\n<div class=\"vc_toggle_content\">\n<p align=\"justify\">From the moment a school becomes a member, it can offer all FEDE diplomas provided it can implement the pedagogy required by the diploma specialty.<\/p>\n<\/div>\n<\/div>\n<\/div>\n<\/div>\n<\/div>\n<\/div>\n<\/div><div class=\"nav fusion-mobile-tab-nav\"><ul class=\"nav-tabs\" role=\"tablist\"><li role=\"presentation\"><a class=\"tab-link\" data-toggle=\"tab\" role=\"tab\" aria-controls=\"tab-1207d6eb4ac985afd9f\" aria-selected=\"false\" tabindex=\"-1\" id=\"mobile-fusion-tab-whatisaccreditation?\" href=\"#tab-1207d6eb4ac985afd9f\"><h4 class=\"fusion-tab-heading\">WHAT IS ACCREDITATION? <\/h4><\/a><\/li><\/ul><\/div><div class=\"tab-pane fade fusion-clearfix\" role=\"tabpanel\" tabindex=\"0\" aria-labelledby=\"fusion-tab-whatisaccreditation?\" id=\"tab-1207d6eb4ac985afd9f\">\n<p>The FEDE accreditation evaluates a specific FEDE professional programme through questionnaires and an online audit.<\/p>\n<\/div><\/div><\/div><div class=\"fusion-clearfix\"><\/div><\/div><\/div><\/div><\/div><\/p>\n","protected":false},"excerpt":{"rendered":"","protected":false},"author":10,"featured_media":0,"parent":0,"menu_order":0,"comment_status":"closed","ping_status":"closed","template":"","meta":{"_acf_changed":false,"footnotes":""},"class_list":["post-41960","page","type-page","status-publish","hentry"],"acf":[],"yoast_head":"<!-- This site is optimized with the Yoast SEO plugin v23.5 - https:\/\/yoast.com\/wordpress\/plugins\/seo\/ -->\n<title>FAQ EN - FEDE - F\u00e9d\u00e9ration Europ\u00e9enne Des Ecoles<\/title>\n<meta name=\"robots\" content=\"index, follow, max-snippet:-1, max-image-preview:large, max-video-preview:-1\" \/>\n<link rel=\"canonical\" href=\"https:\/\/www.fede.education\/en\/faq\/\" \/>\n<meta property=\"og:locale\" content=\"en_US\" \/>\n<meta property=\"og:type\" content=\"article\" \/>\n<meta property=\"og:title\" content=\"FAQ EN - FEDE - F\u00e9d\u00e9ration Europ\u00e9enne Des Ecoles\" \/>\n<meta property=\"og:url\" content=\"https:\/\/www.fede.education\/en\/faq\/\" \/>\n<meta property=\"og:site_name\" content=\"FEDE - F\u00e9d\u00e9ration Europ\u00e9enne Des Ecoles\" \/>\n<meta property=\"article:publisher\" content=\"https:\/\/www.facebook.com\/fede.education\" \/>\n<meta property=\"article:modified_time\" content=\"2022-08-03T06:49:23+00:00\" \/>\n<meta name=\"twitter:card\" content=\"summary_large_image\" \/>\n<meta name=\"twitter:site\" content=\"@FEDE_OING\" \/>\n<meta name=\"twitter:label1\" content=\"Est. reading time\" \/>\n\t<meta name=\"twitter:data1\" content=\"10 minutes\" \/>\n<script type=\"application\/ld+json\" class=\"yoast-schema-graph\">{\"@context\":\"https:\/\/schema.org\",\"@graph\":[{\"@type\":\"WebPage\",\"@id\":\"https:\/\/www.fede.education\/en\/faq\/\",\"url\":\"https:\/\/www.fede.education\/en\/faq\/\",\"name\":\"FAQ EN - FEDE - F\u00e9d\u00e9ration Europ\u00e9enne Des Ecoles\",\"isPartOf\":{\"@id\":\"https:\/\/www.fede.education\/#website\"},\"datePublished\":\"2022-06-07T19:59:46+00:00\",\"dateModified\":\"2022-08-03T06:49:23+00:00\",\"breadcrumb\":{\"@id\":\"https:\/\/www.fede.education\/en\/faq\/#breadcrumb\"},\"inLanguage\":\"en-US\",\"potentialAction\":[{\"@type\":\"ReadAction\",\"target\":[\"https:\/\/www.fede.education\/en\/faq\/\"]}]},{\"@type\":\"BreadcrumbList\",\"@id\":\"https:\/\/www.fede.education\/en\/faq\/#breadcrumb\",\"itemListElement\":[{\"@type\":\"ListItem\",\"position\":1,\"name\":\"Accueil\",\"item\":\"https:\/\/www.fede.education\/en\/\"},{\"@type\":\"ListItem\",\"position\":2,\"name\":\"FAQ EN\"}]},{\"@type\":\"WebSite\",\"@id\":\"https:\/\/www.fede.education\/#website\",\"url\":\"https:\/\/www.fede.education\/\",\"name\":\"FEDE - F\u00e9d\u00e9ration Europ\u00e9enne Des Ecoles\",\"description\":\"\",\"publisher\":{\"@id\":\"https:\/\/www.fede.education\/#organization\"},\"potentialAction\":[{\"@type\":\"SearchAction\",\"target\":{\"@type\":\"EntryPoint\",\"urlTemplate\":\"https:\/\/www.fede.education\/?s={search_term_string}\"},\"query-input\":{\"@type\":\"PropertyValueSpecification\",\"valueRequired\":true,\"valueName\":\"search_term_string\"}}],\"inLanguage\":\"en-US\"},{\"@type\":\"Organization\",\"@id\":\"https:\/\/www.fede.education\/#organization\",\"name\":\"FEDE - F\u00e9d\u00e9ration Europ\u00e9enne Des Ecoles\",\"url\":\"https:\/\/www.fede.education\/\",\"logo\":{\"@type\":\"ImageObject\",\"inLanguage\":\"en-US\",\"@id\":\"https:\/\/www.fede.education\/#\/schema\/logo\/image\/\",\"url\":\"https:\/\/www.fede.education\/wp-content\/uploads\/2022\/08\/cropped-Logo_entete_site_FEDE.png\",\"contentUrl\":\"https:\/\/www.fede.education\/wp-content\/uploads\/2022\/08\/cropped-Logo_entete_site_FEDE.png\",\"width\":512,\"height\":512,\"caption\":\"FEDE - F\u00e9d\u00e9ration Europ\u00e9enne Des Ecoles\"},\"image\":{\"@id\":\"https:\/\/www.fede.education\/#\/schema\/logo\/image\/\"},\"sameAs\":[\"https:\/\/www.facebook.com\/fede.education\",\"https:\/\/x.com\/FEDE_OING\",\"https:\/\/twitter.com\/FEDE_OING\"]}]}<\/script>\n<!-- \/ Yoast SEO plugin. -->","yoast_head_json":{"title":"FAQ EN - FEDE - F\u00e9d\u00e9ration Europ\u00e9enne Des Ecoles","robots":{"index":"index","follow":"follow","max-snippet":"max-snippet:-1","max-image-preview":"max-image-preview:large","max-video-preview":"max-video-preview:-1"},"canonical":"https:\/\/www.fede.education\/en\/faq\/","og_locale":"en_US","og_type":"article","og_title":"FAQ EN - FEDE - F\u00e9d\u00e9ration Europ\u00e9enne Des Ecoles","og_url":"https:\/\/www.fede.education\/en\/faq\/","og_site_name":"FEDE - F\u00e9d\u00e9ration Europ\u00e9enne Des Ecoles","article_publisher":"https:\/\/www.facebook.com\/fede.education","article_modified_time":"2022-08-03T06:49:23+00:00","twitter_card":"summary_large_image","twitter_site":"@FEDE_OING","twitter_misc":{"Est. reading time":"10 minutes"},"schema":{"@context":"https:\/\/schema.org","@graph":[{"@type":"WebPage","@id":"https:\/\/www.fede.education\/en\/faq\/","url":"https:\/\/www.fede.education\/en\/faq\/","name":"FAQ EN - FEDE - F\u00e9d\u00e9ration Europ\u00e9enne Des Ecoles","isPartOf":{"@id":"https:\/\/www.fede.education\/#website"},"datePublished":"2022-06-07T19:59:46+00:00","dateModified":"2022-08-03T06:49:23+00:00","breadcrumb":{"@id":"https:\/\/www.fede.education\/en\/faq\/#breadcrumb"},"inLanguage":"en-US","potentialAction":[{"@type":"ReadAction","target":["https:\/\/www.fede.education\/en\/faq\/"]}]},{"@type":"BreadcrumbList","@id":"https:\/\/www.fede.education\/en\/faq\/#breadcrumb","itemListElement":[{"@type":"ListItem","position":1,"name":"Accueil","item":"https:\/\/www.fede.education\/en\/"},{"@type":"ListItem","position":2,"name":"FAQ EN"}]},{"@type":"WebSite","@id":"https:\/\/www.fede.education\/#website","url":"https:\/\/www.fede.education\/","name":"FEDE - F\u00e9d\u00e9ration Europ\u00e9enne Des Ecoles","description":"","publisher":{"@id":"https:\/\/www.fede.education\/#organization"},"potentialAction":[{"@type":"SearchAction","target":{"@type":"EntryPoint","urlTemplate":"https:\/\/www.fede.education\/?s={search_term_string}"},"query-input":{"@type":"PropertyValueSpecification","valueRequired":true,"valueName":"search_term_string"}}],"inLanguage":"en-US"},{"@type":"Organization","@id":"https:\/\/www.fede.education\/#organization","name":"FEDE - F\u00e9d\u00e9ration Europ\u00e9enne Des Ecoles","url":"https:\/\/www.fede.education\/","logo":{"@type":"ImageObject","inLanguage":"en-US","@id":"https:\/\/www.fede.education\/#\/schema\/logo\/image\/","url":"https:\/\/www.fede.education\/wp-content\/uploads\/2022\/08\/cropped-Logo_entete_site_FEDE.png","contentUrl":"https:\/\/www.fede.education\/wp-content\/uploads\/2022\/08\/cropped-Logo_entete_site_FEDE.png","width":512,"height":512,"caption":"FEDE - F\u00e9d\u00e9ration Europ\u00e9enne Des Ecoles"},"image":{"@id":"https:\/\/www.fede.education\/#\/schema\/logo\/image\/"},"sameAs":["https:\/\/www.facebook.com\/fede.education","https:\/\/x.com\/FEDE_OING","https:\/\/twitter.com\/FEDE_OING"]}]}},"_links":{"self":[{"href":"https:\/\/www.fede.education\/en\/wp-json\/wp\/v2\/pages\/41960"}],"collection":[{"href":"https:\/\/www.fede.education\/en\/wp-json\/wp\/v2\/pages"}],"about":[{"href":"https:\/\/www.fede.education\/en\/wp-json\/wp\/v2\/types\/page"}],"author":[{"embeddable":true,"href":"https:\/\/www.fede.education\/en\/wp-json\/wp\/v2\/users\/10"}],"replies":[{"embeddable":true,"href":"https:\/\/www.fede.education\/en\/wp-json\/wp\/v2\/comments?post=41960"}],"version-history":[{"count":2,"href":"https:\/\/www.fede.education\/en\/wp-json\/wp\/v2\/pages\/41960\/revisions"}],"predecessor-version":[{"id":41968,"href":"https:\/\/www.fede.education\/en\/wp-json\/wp\/v2\/pages\/41960\/revisions\/41968"}],"wp:attachment":[{"href":"https:\/\/www.fede.education\/en\/wp-json\/wp\/v2\/media?parent=41960"}],"curies":[{"name":"wp","href":"https:\/\/api.w.org\/{rel}","templated":true}]}}