{"id":89536,"date":"2022-08-11T19:46:07","date_gmt":"2022-08-11T17:46:07","guid":{"rendered":"https:\/\/www.fede.education\/referentiels-2022-2023\/"},"modified":"2026-04-28T16:59:10","modified_gmt":"2026-04-28T14:59:10","slug":"teaching-guidelines","status":"publish","type":"page","link":"https:\/\/www.fede.education\/en\/teaching-guidelines\/","title":{"rendered":"Teaching guidelines"},"content":{"rendered":"<p><div class=\"fusion-fullwidth fullwidth-box fusion-builder-row-1 hundred-percent-fullwidth non-hundred-percent-height-scrolling\" style=\"--awb-border-radius-top-left:0px;--awb-border-radius-top-right:0px;--awb-border-radius-bottom-right:0px;--awb-border-radius-bottom-left:0px;--awb-padding-top:0px;--awb-padding-right:0px;--awb-padding-bottom:0px;--awb-padding-left:0px;--awb-margin-bottom:20px;--awb-flex-wrap:wrap;\" ><div class=\"fusion-builder-row fusion-row\"><div class=\"fusion-layout-column fusion_builder_column fusion-builder-column-0 fusion_builder_column_1_1 1_1 fusion-one-full fusion-column-first fusion-column-last\" style=\"--awb-bg-size:cover;--awb-margin-bottom:0px;\"><div class=\"fusion-column-wrapper fusion-column-has-shadow fusion-flex-column-wrapper-legacy\"><div class=\"fusion-title title fusion-title-1 fusion-sep-none fusion-title-text fusion-title-size-one\"><h1 class=\"fusion-title-heading title-heading-left\" style=\"margin:0;\"><h1 class=\"masterstudy-custom-title\">TEACHING GUIDELINES 2026-2027<\/h1><\/h1><\/div><div class=\"fusion-sep-clear\"><\/div><div class=\"fusion-separator fusion-full-width-sep\" style=\"margin-left: auto;margin-right: auto;margin-top:10px;width:100%;\"><\/div><div class=\"fusion-sep-clear\"><\/div><div class=\"fusion-clearfix\"><\/div><\/div><\/div><\/div><\/div><div class=\"fusion-fullwidth fullwidth-box fusion-builder-row-2 hundred-percent-fullwidth non-hundred-percent-height-scrolling\" style=\"--awb-border-radius-top-left:0px;--awb-border-radius-top-right:0px;--awb-border-radius-bottom-right:0px;--awb-border-radius-bottom-left:0px;--awb-padding-top:0px;--awb-padding-right:0px;--awb-padding-bottom:0px;--awb-padding-left:0px;--awb-margin-bottom:20px;--awb-flex-wrap:wrap;\" ><div class=\"fusion-builder-row fusion-row\"><div class=\"fusion-layout-column fusion_builder_column fusion-builder-column-1 fusion_builder_column_1_1 1_1 fusion-one-full fusion-column-first fusion-column-last\" style=\"--awb-padding-right:150px;--awb-padding-left:150px;--awb-bg-size:cover;--awb-margin-bottom:0px;\"><div class=\"fusion-column-wrapper fusion-column-has-shadow fusion-flex-column-wrapper-legacy\"><div class=\"fusion-text fusion-text-1\"><ul>\n<li>On this page you will find all the teaching and assessment guidelines for the FEDE\u2019s degrees.<\/li>\n<li>These standards are applicable <strong>from the exams of the January 2027 session.<\/strong><\/li>\n<li>Please, contact <a href=\"mailto:mailbox@fede.org\" target=\"_blank\" rel=\"noopener\">mailbox@fede.org<\/a> <strong>prior to the launch of the training.<\/strong><\/li>\n<\/ul>\n<\/div><div class=\"fusion-clearfix\"><\/div><\/div><\/div><div class=\"fusion-layout-column fusion_builder_column fusion-builder-column-2 fusion_builder_column_1_1 1_1 fusion-one-full fusion-column-first fusion-column-last\" style=\"--awb-padding-right:150px;--awb-padding-left:150px;--awb-bg-size:cover;--awb-margin-bottom:0px;\"><div class=\"fusion-column-wrapper fusion-column-has-shadow fusion-flex-column-wrapper-legacy\"><div class=\"fusion-sep-clear\"><\/div><div class=\"fusion-separator fusion-full-width-sep\" style=\"margin-left: auto;margin-right: auto;margin-top:50px;width:100%;\"><\/div><div class=\"fusion-sep-clear\"><\/div><div class=\"fusion-clearfix\"><\/div><\/div><\/div><div class=\"fusion-layout-column fusion_builder_column fusion-builder-column-3 fusion_builder_column_1_1 1_1 fusion-one-full fusion-column-first fusion-column-last\" style=\"--awb-padding-right:150px;--awb-padding-left:150px;--awb-bg-size:cover;--awb-margin-bottom:0px;\"><div class=\"fusion-column-wrapper fusion-column-has-shadow fusion-flex-column-wrapper-legacy\"><div class=\"fusion-tabs fusion-tabs-1 classic nav-is-justified horizontal-tabs icon-position-left mobile-mode-accordion\" style=\"--awb-title-border-radius-top-left:0px;--awb-title-border-radius-top-right:0px;--awb-title-border-radius-bottom-right:0px;--awb-title-border-radius-bottom-left:0px;--awb-alignment:start;--awb-inactive-color:#ebeaea;--awb-background-color:#ffffff;--awb-border-color:#ebeaea;--awb-active-border-color:#f0663d;\"><div class=\"nav\"><ul class=\"nav-tabs nav-justified\" role=\"tablist\"><li class=\"active\" role=\"presentation\"><a class=\"tab-link\" data-toggle=\"tab\" role=\"tab\" aria-controls=\"tab-e4051b6dc5c9c4ba4a3\" aria-selected=\"true\" id=\"fusion-tab-foundationdegree\" href=\"#tab-e4051b6dc5c9c4ba4a3\"><h4 class=\"fusion-tab-heading\">FOUNDATION DEGREE<\/h4><\/a><\/li><li role=\"presentation\"><a class=\"tab-link\" data-toggle=\"tab\" role=\"tab\" aria-controls=\"tab-72f28ed5a0830ff44b2\" aria-selected=\"false\" tabindex=\"-1\" id=\"fusion-tab-europeanbachelor\" href=\"#tab-72f28ed5a0830ff44b2\"><h4 class=\"fusion-tab-heading\">EUROPEAN BACHELOR<\/h4><\/a><\/li><li role=\"presentation\"><a class=\"tab-link\" data-toggle=\"tab\" role=\"tab\" aria-controls=\"tab-9196cf2745246375820\" aria-selected=\"false\" tabindex=\"-1\" id=\"fusion-tab-europeanmaster\" href=\"#tab-9196cf2745246375820\"><h4 class=\"fusion-tab-heading\">EUROPEAN MASTER<\/h4><\/a><\/li><li role=\"presentation\"><a class=\"tab-link\" data-toggle=\"tab\" role=\"tab\" aria-controls=\"tab-e52eb4598d1ecb0828f\" aria-selected=\"false\" tabindex=\"-1\" id=\"fusion-tab-languagescertificate\" href=\"#tab-e52eb4598d1ecb0828f\"><h4 class=\"fusion-tab-heading\">LANGUAGES CERTIFICATE<\/h4><\/a><\/li><\/ul><\/div><div class=\"tab-content\"><div class=\"nav fusion-mobile-tab-nav\"><ul class=\"nav-tabs nav-justified\" role=\"tablist\"><li class=\"active\" role=\"presentation\"><a class=\"tab-link\" data-toggle=\"tab\" role=\"tab\" aria-controls=\"tab-e4051b6dc5c9c4ba4a3\" aria-selected=\"true\" id=\"mobile-fusion-tab-foundationdegree\" href=\"#tab-e4051b6dc5c9c4ba4a3\"><h4 class=\"fusion-tab-heading\">FOUNDATION DEGREE<\/h4><\/a><\/li><\/ul><\/div><div class=\"tab-pane fade fusion-clearfix in active\" role=\"tabpanel\" tabindex=\"0\" aria-labelledby=\"fusion-tab-foundationdegree\" id=\"tab-e4051b6dc5c9c4ba4a3\">\n<ul>\n<li><a href=\"https:\/\/cdefede.sharepoint.com\/:b:\/s\/CommunicationPdagogie\/IQA3IvH4sZwcTIvxTrNcAxuuAR5NR8VZqQFnIF4FwOaXUyI?e=Iysdg3\" target=\"_blank\" rel=\"noopener\">Foundation Degree Marketing<\/a><\/li>\n<\/ul>\n<ul>\n<li><a href=\"https:\/\/cdefede.sharepoint.com\/:b:\/s\/CommunicationPdagogie\/IQBs16kRy3XQTpyE4vSPqnKeARATeOO4W3wfbFd2e064RIk?e=x5JmKY\" target=\"_blank\" rel=\"noopener\">European Culture and Citizenship &#8211; A2<\/a><\/li>\n<li><a href=\"https:\/\/cdefede.sharepoint.com\/:b:\/s\/CommunicationPdagogie\/IQD6nNJF2tMgRI6IxnCjIAs7AT_Brn-nGTjZAr85GP-zoDk?e=xJDH9d\" target=\"_blank\" rel=\"noopener\">Modern Languages Level A2 of CEFR<\/a><\/li>\n<\/ul>\n<\/div><div class=\"nav fusion-mobile-tab-nav\"><ul class=\"nav-tabs nav-justified\" role=\"tablist\"><li role=\"presentation\"><a class=\"tab-link\" data-toggle=\"tab\" role=\"tab\" aria-controls=\"tab-72f28ed5a0830ff44b2\" aria-selected=\"false\" tabindex=\"-1\" id=\"mobile-fusion-tab-europeanbachelor\" href=\"#tab-72f28ed5a0830ff44b2\"><h4 class=\"fusion-tab-heading\">EUROPEAN BACHELOR<\/h4><\/a><\/li><\/ul><\/div><div class=\"tab-pane fade fusion-clearfix\" role=\"tabpanel\" tabindex=\"0\" aria-labelledby=\"fusion-tab-europeanbachelor\" id=\"tab-72f28ed5a0830ff44b2\">\n<ul>\n<li><a href=\"https:\/\/cdefede.sharepoint.com\/:b:\/s\/servicepedagogie\/IQB7-LyEuQVhSb-RAYz5gNMmAYEIQcQSyEWgJRe1R7LGnPc?e=Zerpr6\" target=\"_blank\" rel=\"noopener\">European Bachelor Application developpement<\/a><\/li>\n<li><a href=\"https:\/\/cdefede.sharepoint.com\/:b:\/s\/servicepedagogie\/IQDqAu3438tLRaUuwprZJzTWAfYqNmouchlWnv9plfcjYNA?e=ZfJmVN\" target=\"_blank\" rel=\"noopener\">European Bachelor Cybersecurity and Network Management<\/a><\/li>\n<li><a href=\"https:\/\/cdefede.sharepoint.com\/:b:\/s\/servicepedagogie\/IQAUN-wapoHKQaDYGBQoAXN4AQXYJjPZGgZ7hgEokiX0-6M?e=ONaBOa\" target=\"_blank\" rel=\"noopener\">European Bachelor Digital Marketing\u00a0<\/a><\/li>\n<li><a href=\"https:\/\/cdefede.sharepoint.com\/:b:\/s\/servicepedagogie\/IQCAuisYS6IARpNQeB5UA9PvAa_SWiUWTgMB8-birA3lKVs?e=U41QHK\" target=\"_blank\" rel=\"noopener\">European Bachelor International Marketing\u00a0<\/a><\/li>\n<li><a href=\"https:\/\/cdefede.sharepoint.com\/:b:\/s\/servicepedagogie\/IQADeG3xmCqUSYcWSRQ4c-1aAZZcaxlR2_Ny0IdMhIPCj1A?e=OWZO6T\" target=\"_blank\" rel=\"noopener\">European Bachelor International Trade\u00a0<\/a><\/li>\n<li><a href=\"https:\/\/cdefede.sharepoint.com\/:b:\/s\/servicepedagogie\/IQBzCWRUXM6CRpwoPNl2WtTkARN0mB4EAD7O8agKg8-OaU4?e=6KCLYc\" target=\"_blank\" rel=\"noopener\">European Bachelor IT Development and Connected Systems<\/a><\/li>\n<li><a href=\"https:\/\/cdefede.sharepoint.com\/:b:\/s\/servicepedagogie\/IQDR5OXh3D7MSos2M1E1TuKEAd_zkfeiQo2oZvM3jabl5ek?e=dAwHjY\" target=\"_blank\" rel=\"noopener\">European Bachelor Marketing\u00a0<\/a><\/li>\n<li><a href=\"https:\/\/cdefede.sharepoint.com\/:b:\/s\/servicepedagogie\/IQBMmbRtBaBLQKRuTAnAQJOTAZPuPFCTKSGVR60R7C7WdBQ?e=NO4piO\" target=\"_blank\" rel=\"noopener\">European Bachelor Operational Management in Hospitality and F&amp;B<\/a><\/li>\n<li><a href=\"https:\/\/cdefede.sharepoint.com\/:b:\/s\/servicepedagogie\/IQAfqeqRJdboQ5IVLT5KZsFfAY5Voxx3KVPYf63Bp4DIsfA?e=FkwvXo\" target=\"_blank\" rel=\"noopener\">European Bachelor QSE<\/a><\/li>\n<li><a href=\"https:\/\/cdefede.sharepoint.com\/:b:\/s\/servicepedagogie\/IQCXLqa3Z2OnT6kcMYtadMgHAaBmaib-ZS0rEDS4FW6-HrM?e=6bdqbc\" target=\"_blank\" rel=\"noopener\">European Bachelor Tourism Development and Innovation\u00a0<\/a><\/li>\n<li><a href=\"https:\/\/cdefede.sharepoint.com\/:b:\/s\/servicepedagogie\/IQBEVrnK_ZNOQ6PngZc1o0zGAdP-3C1Ma_302woMt6iam8Y?e=7YdTIC\" target=\"_blank\" rel=\"noopener\">European Bachelor Transport, Logistics and Supply chain<\/a><\/li>\n<\/ul>\n<ul>\n<li><a href=\"https:\/\/cdefede.sharepoint.com\/:b:\/s\/CommunicationPdagogie\/IQDqcOjA4ZdVT55AIjuce8x3AWPeXvDMM9OQAdABCSli_9E?e=j5fbts\" target=\"_blank\" rel=\"noopener\">European Culture and Citizenship &#8211; A2 and A3<\/a><\/li>\n<li><a href=\"https:\/\/cdefede.sharepoint.com\/:b:\/s\/CommunicationPdagogie\/IQBB24--IQw3QqbKXnqb7yLCAZ3uhzmvspTTjL4B9JAko0o?e=ySDsax\" target=\"_blank\" rel=\"noopener\">Modern Languages Level B1 of CEFR<\/a><\/li>\n<\/ul>\n<\/div><div class=\"nav fusion-mobile-tab-nav\"><ul class=\"nav-tabs nav-justified\" role=\"tablist\"><li role=\"presentation\"><a class=\"tab-link\" data-toggle=\"tab\" role=\"tab\" aria-controls=\"tab-9196cf2745246375820\" aria-selected=\"false\" tabindex=\"-1\" id=\"mobile-fusion-tab-europeanmaster\" href=\"#tab-9196cf2745246375820\"><h4 class=\"fusion-tab-heading\">EUROPEAN MASTER<\/h4><\/a><\/li><\/ul><\/div><div class=\"tab-pane fade fusion-clearfix\" role=\"tabpanel\" tabindex=\"0\" aria-labelledby=\"fusion-tab-europeanmaster\" id=\"tab-9196cf2745246375820\">\n<ul>\n<li><a href=\"https:\/\/cdefede.sharepoint.com\/:b:\/s\/CommunicationPdagogie\/IQAPQkXvkF9SS74quPCjHnN5AbcEmjiVobBOMDcG-tLAkBw?e=xsgOgA\" target=\"_blank\" rel=\"noopener\">European Master Business Development Management<\/a><\/li>\n<li><a href=\"https:\/\/cdefede.sharepoint.com\/:b:\/s\/servicepedagogie\/IQCiyCfS6TFyT5pfLuHUdc-9AZLM40Nsi1z3Ta0A_dRzHp8?e=pCWKtY\" target=\"_blank\" rel=\"noopener\">European Master Digital Management\u00a0<\/a><\/li>\n<li><a href=\"https:\/\/cdefede.sharepoint.com\/:b:\/s\/servicepedagogie\/IQAuZXm5MnCoRLzsCKoEVnHaAT_gPT4cD1FOtDRUwH8t0Us?e=pL367T\" target=\"_blank\" rel=\"noopener\">European Master Human Resources Management\u00a0<\/a><\/li>\n<li><a href=\"https:\/\/cdefede.sharepoint.com\/:b:\/s\/servicepedagogie\/IQBZZerhOPOuSZpDXTu3fgxIAUbnhi8jCAo_bmTP9B_BFXE?e=K7yEsb\" target=\"_blank\" rel=\"noopener\">European Master IT Expert &#8211; Cybersecurity and High Availability\u00a0<\/a><\/li>\n<li><a href=\"https:\/\/cdefede.sharepoint.com\/:b:\/s\/servicepedagogie\/IQBfwYXXt03oRY7SsrcNNqFDAWbMQZeaOZJCX4ibg4r_hOk?e=mbYzRd\" target=\"_blank\" rel=\"noopener\">European Master IT Expert &#8211; Intelligent Applications and Big Data<\/a><\/li>\n<li><a href=\"https:\/\/cdefede.sharepoint.com\/:b:\/s\/servicepedagogie\/IQBkO8HZk0tYQqSJKoibmRbXAVWZea9-xZ2Cb-tonAnLKcc?e=sGxVwC\" target=\"_blank\" rel=\"noopener\">European Master Management and Business Strategy\u00a0<\/a><\/li>\n<li><a href=\"https:\/\/cdefede.sharepoint.com\/:b:\/s\/servicepedagogie\/IQDz5PJZ1memSbiLcBOFLeCrAQ_jnjZyT6NE_keinSa_flk?e=R9HLTX\" target=\"_blank\" rel=\"noopener\">European Master Tourism Management and Strategy\u00a0<\/a><\/li>\n<\/ul>\n<ul>\n<li><a href=\"https:\/\/cdefede.sharepoint.com\/:b:\/s\/CommunicationPdagogie\/IQChiyCKl1-RQpJgLkULo_r-AZzRzBaeadJE0zxQ3V6jW78?e=yWRSBc\" target=\"_blank\" rel=\"noopener\">European Culture and Citizenship &#8211; A4\/5<\/a><\/li>\n<li><a href=\"https:\/\/cdefede.sharepoint.com\/:b:\/s\/CommunicationPdagogie\/IQAHRGUC6V4GRrVZui2eH6oLAUQtlOXFAXpZBUkaQk0YWmM?e=T1LSmT\" target=\"_blank\" rel=\"noopener\">Modern Languages Level B2 of CEFR<\/a><\/li>\n<\/ul>\n<\/div><div class=\"nav fusion-mobile-tab-nav\"><ul class=\"nav-tabs nav-justified\" role=\"tablist\"><li role=\"presentation\"><a class=\"tab-link\" data-toggle=\"tab\" role=\"tab\" aria-controls=\"tab-e52eb4598d1ecb0828f\" aria-selected=\"false\" tabindex=\"-1\" id=\"mobile-fusion-tab-languagescertificate\" href=\"#tab-e52eb4598d1ecb0828f\"><h4 class=\"fusion-tab-heading\">LANGUAGES CERTIFICATE<\/h4><\/a><\/li><\/ul><\/div><div class=\"tab-pane fade fusion-clearfix\" role=\"tabpanel\" tabindex=\"0\" aria-labelledby=\"fusion-tab-languagescertificate\" id=\"tab-e52eb4598d1ecb0828f\">\n<ul>\n<li><a href=\"https:\/\/cdefede.sharepoint.com\/:b:\/s\/CommunicationPdagogie\/IQBXlueaoR96Qoh5YzMBPb8TAS1i4KCCgVpPR4UZTfuP-_8?e=uChrHe\" target=\"_blank\" rel=\"noopener\">Languages Certificate &#8211; European Modern Languages<\/a><\/li>\n<\/ul>\n<\/div><\/div><\/div><div class=\"fusion-clearfix\"><\/div><\/div><\/div><\/div><\/div><\/p>\n","protected":false},"excerpt":{"rendered":"","protected":false},"author":10,"featured_media":0,"parent":0,"menu_order":0,"comment_status":"closed","ping_status":"closed","template":"","meta":{"_acf_changed":false,"footnotes":""},"class_list":["post-89536","page","type-page","status-publish","hentry"],"acf":[],"yoast_head":"<!-- This site is optimized with the Yoast SEO plugin v23.5 - https:\/\/yoast.com\/wordpress\/plugins\/seo\/ -->\n<title>Teaching guidelines - FEDE - F\u00e9d\u00e9ration Europ\u00e9enne Des Ecoles<\/title>\n<meta name=\"robots\" content=\"noindex, nofollow\" \/>\n<meta property=\"og:locale\" content=\"en_US\" \/>\n<meta property=\"og:type\" content=\"article\" \/>\n<meta property=\"og:title\" content=\"Teaching guidelines - FEDE - F\u00e9d\u00e9ration Europ\u00e9enne Des Ecoles\" \/>\n<meta property=\"og:url\" content=\"https:\/\/www.fede.education\/en\/teaching-guidelines\/\" \/>\n<meta property=\"og:site_name\" content=\"FEDE - F\u00e9d\u00e9ration Europ\u00e9enne Des Ecoles\" \/>\n<meta property=\"article:publisher\" content=\"https:\/\/www.facebook.com\/fede.education\" \/>\n<meta property=\"article:modified_time\" content=\"2026-04-28T14:59:10+00:00\" \/>\n<meta name=\"twitter:card\" content=\"summary_large_image\" \/>\n<meta name=\"twitter:site\" content=\"@FEDE_OING\" \/>\n<meta name=\"twitter:label1\" content=\"Est. reading time\" \/>\n\t<meta name=\"twitter:data1\" content=\"1 minute\" \/>\n<script type=\"application\/ld+json\" class=\"yoast-schema-graph\">{\"@context\":\"https:\/\/schema.org\",\"@graph\":[{\"@type\":\"WebPage\",\"@id\":\"https:\/\/www.fede.education\/en\/teaching-guidelines\/\",\"url\":\"https:\/\/www.fede.education\/en\/teaching-guidelines\/\",\"name\":\"Teaching guidelines - FEDE - F\u00e9d\u00e9ration Europ\u00e9enne Des Ecoles\",\"isPartOf\":{\"@id\":\"https:\/\/www.fede.education\/#website\"},\"datePublished\":\"2022-08-11T17:46:07+00:00\",\"dateModified\":\"2026-04-28T14:59:10+00:00\",\"breadcrumb\":{\"@id\":\"https:\/\/www.fede.education\/en\/teaching-guidelines\/#breadcrumb\"},\"inLanguage\":\"en-US\",\"potentialAction\":[{\"@type\":\"ReadAction\",\"target\":[\"https:\/\/www.fede.education\/en\/teaching-guidelines\/\"]}]},{\"@type\":\"BreadcrumbList\",\"@id\":\"https:\/\/www.fede.education\/en\/teaching-guidelines\/#breadcrumb\",\"itemListElement\":[{\"@type\":\"ListItem\",\"position\":1,\"name\":\"Accueil\",\"item\":\"https:\/\/www.fede.education\/en\/\"},{\"@type\":\"ListItem\",\"position\":2,\"name\":\"Teaching guidelines\"}]},{\"@type\":\"WebSite\",\"@id\":\"https:\/\/www.fede.education\/#website\",\"url\":\"https:\/\/www.fede.education\/\",\"name\":\"FEDE - F\u00e9d\u00e9ration Europ\u00e9enne Des Ecoles\",\"description\":\"\",\"publisher\":{\"@id\":\"https:\/\/www.fede.education\/#organization\"},\"potentialAction\":[{\"@type\":\"SearchAction\",\"target\":{\"@type\":\"EntryPoint\",\"urlTemplate\":\"https:\/\/www.fede.education\/?s={search_term_string}\"},\"query-input\":{\"@type\":\"PropertyValueSpecification\",\"valueRequired\":true,\"valueName\":\"search_term_string\"}}],\"inLanguage\":\"en-US\"},{\"@type\":\"Organization\",\"@id\":\"https:\/\/www.fede.education\/#organization\",\"name\":\"FEDE - F\u00e9d\u00e9ration Europ\u00e9enne Des Ecoles\",\"url\":\"https:\/\/www.fede.education\/\",\"logo\":{\"@type\":\"ImageObject\",\"inLanguage\":\"en-US\",\"@id\":\"https:\/\/www.fede.education\/#\/schema\/logo\/image\/\",\"url\":\"https:\/\/www.fede.education\/wp-content\/uploads\/2022\/08\/cropped-Logo_entete_site_FEDE.png\",\"contentUrl\":\"https:\/\/www.fede.education\/wp-content\/uploads\/2022\/08\/cropped-Logo_entete_site_FEDE.png\",\"width\":512,\"height\":512,\"caption\":\"FEDE - F\u00e9d\u00e9ration Europ\u00e9enne Des Ecoles\"},\"image\":{\"@id\":\"https:\/\/www.fede.education\/#\/schema\/logo\/image\/\"},\"sameAs\":[\"https:\/\/www.facebook.com\/fede.education\",\"https:\/\/x.com\/FEDE_OING\",\"https:\/\/twitter.com\/FEDE_OING\"]}]}<\/script>\n<!-- \/ Yoast SEO plugin. -->","yoast_head_json":{"title":"Teaching guidelines - FEDE - F\u00e9d\u00e9ration Europ\u00e9enne Des Ecoles","robots":{"index":"noindex","follow":"nofollow"},"og_locale":"en_US","og_type":"article","og_title":"Teaching guidelines - FEDE - F\u00e9d\u00e9ration Europ\u00e9enne Des Ecoles","og_url":"https:\/\/www.fede.education\/en\/teaching-guidelines\/","og_site_name":"FEDE - F\u00e9d\u00e9ration Europ\u00e9enne Des Ecoles","article_publisher":"https:\/\/www.facebook.com\/fede.education","article_modified_time":"2026-04-28T14:59:10+00:00","twitter_card":"summary_large_image","twitter_site":"@FEDE_OING","twitter_misc":{"Est. reading time":"1 minute"},"schema":{"@context":"https:\/\/schema.org","@graph":[{"@type":"WebPage","@id":"https:\/\/www.fede.education\/en\/teaching-guidelines\/","url":"https:\/\/www.fede.education\/en\/teaching-guidelines\/","name":"Teaching guidelines - FEDE - F\u00e9d\u00e9ration Europ\u00e9enne Des Ecoles","isPartOf":{"@id":"https:\/\/www.fede.education\/#website"},"datePublished":"2022-08-11T17:46:07+00:00","dateModified":"2026-04-28T14:59:10+00:00","breadcrumb":{"@id":"https:\/\/www.fede.education\/en\/teaching-guidelines\/#breadcrumb"},"inLanguage":"en-US","potentialAction":[{"@type":"ReadAction","target":["https:\/\/www.fede.education\/en\/teaching-guidelines\/"]}]},{"@type":"BreadcrumbList","@id":"https:\/\/www.fede.education\/en\/teaching-guidelines\/#breadcrumb","itemListElement":[{"@type":"ListItem","position":1,"name":"Accueil","item":"https:\/\/www.fede.education\/en\/"},{"@type":"ListItem","position":2,"name":"Teaching guidelines"}]},{"@type":"WebSite","@id":"https:\/\/www.fede.education\/#website","url":"https:\/\/www.fede.education\/","name":"FEDE - F\u00e9d\u00e9ration Europ\u00e9enne Des Ecoles","description":"","publisher":{"@id":"https:\/\/www.fede.education\/#organization"},"potentialAction":[{"@type":"SearchAction","target":{"@type":"EntryPoint","urlTemplate":"https:\/\/www.fede.education\/?s={search_term_string}"},"query-input":{"@type":"PropertyValueSpecification","valueRequired":true,"valueName":"search_term_string"}}],"inLanguage":"en-US"},{"@type":"Organization","@id":"https:\/\/www.fede.education\/#organization","name":"FEDE - F\u00e9d\u00e9ration Europ\u00e9enne Des Ecoles","url":"https:\/\/www.fede.education\/","logo":{"@type":"ImageObject","inLanguage":"en-US","@id":"https:\/\/www.fede.education\/#\/schema\/logo\/image\/","url":"https:\/\/www.fede.education\/wp-content\/uploads\/2022\/08\/cropped-Logo_entete_site_FEDE.png","contentUrl":"https:\/\/www.fede.education\/wp-content\/uploads\/2022\/08\/cropped-Logo_entete_site_FEDE.png","width":512,"height":512,"caption":"FEDE - F\u00e9d\u00e9ration Europ\u00e9enne Des Ecoles"},"image":{"@id":"https:\/\/www.fede.education\/#\/schema\/logo\/image\/"},"sameAs":["https:\/\/www.facebook.com\/fede.education","https:\/\/x.com\/FEDE_OING","https:\/\/twitter.com\/FEDE_OING"]}]}},"_links":{"self":[{"href":"https:\/\/www.fede.education\/en\/wp-json\/wp\/v2\/pages\/89536"}],"collection":[{"href":"https:\/\/www.fede.education\/en\/wp-json\/wp\/v2\/pages"}],"about":[{"href":"https:\/\/www.fede.education\/en\/wp-json\/wp\/v2\/types\/page"}],"author":[{"embeddable":true,"href":"https:\/\/www.fede.education\/en\/wp-json\/wp\/v2\/users\/10"}],"replies":[{"embeddable":true,"href":"https:\/\/www.fede.education\/en\/wp-json\/wp\/v2\/comments?post=89536"}],"version-history":[{"count":43,"href":"https:\/\/www.fede.education\/en\/wp-json\/wp\/v2\/pages\/89536\/revisions"}],"predecessor-version":[{"id":8980869,"href":"https:\/\/www.fede.education\/en\/wp-json\/wp\/v2\/pages\/89536\/revisions\/8980869"}],"wp:attachment":[{"href":"https:\/\/www.fede.education\/en\/wp-json\/wp\/v2\/media?parent=89536"}],"curies":[{"name":"wp","href":"https:\/\/api.w.org\/{rel}","templated":true}]}}